{"id":13720,"date":"2026-03-08T10:38:24","date_gmt":"2026-03-08T09:38:24","guid":{"rendered":"https:\/\/coandclo.com\/?post_type=product&#038;p=13720"},"modified":"2026-03-08T15:26:16","modified_gmt":"2026-03-08T14:26:16","slug":"sandales-tressees-en-pagne","status":"publish","type":"product","link":"https:\/\/coandclo.com\/en\/product\/sandales-tressees-en-pagne\/","title":{"rendered":"Sandales Tress\u00e9es en pagne"},"content":{"rendered":"<p>Craquez pour l\u2019\u00e9l\u00e9gance unique de nos sandales tress\u00e9es, disponibles en tissu wax imprim\u00e9.<\/p>\n<p>Sublim\u00e9es par de pr\u00e9cieuses perles Akan orn\u00e9es d\u2019or 24 carats et dot\u00e9es d\u2019une semelle pour un confort optimal, elles apportent une touche raffin\u00e9e et authentique \u00e0 votre style.<\/p>\n<p>Pl\u00e9biscit\u00e9es par nos clientes, ces sandales font partie de nos incontournables ! Ajoutez-les d\u00e8s maintenant \u00e0 votre collection.<\/p>\n<p><strong>Choisissez votre couleur<\/strong><\/p>\n<p>S\u00e9lectionnez la <strong>couleur principale<\/strong> souhait\u00e9e pour votre cr\u00e9ation.<\/p>\n<p>Une fois votre commande valid\u00e9e, nous vous enverrons une <strong>s\u00e9lection de motifs de pagnes<\/strong> correspondant \u00e0 cette couleur afin que vous puissiez choisir celui qui vous pla\u00eet le plus.<\/p>\n<p>Chaque pi\u00e8ce Co &amp; Clo est ainsi personnalis\u00e9e selon vos pr\u00e9f\u00e9rences pour cr\u00e9er un mod\u00e8le unique.<\/p>\n<p>\ud83d\udce9 Les propositions de pagnes vous seront envoy\u00e9es par message ou par e-mail apr\u00e8s votre commande.<\/p>","protected":false},"excerpt":{"rendered":"<p>Craquez pour l\u2019\u00e9l\u00e9gance unique de nos sandales tress\u00e9es, disponibles en tissu wax imprim\u00e9. Sublim\u00e9es par de pr\u00e9cieuses perles Akan orn\u00e9es d\u2019or 24 carats et dot\u00e9es d\u2019une semelle pour un confort optimal, elles apportent une touche raffin\u00e9e et authentique \u00e0 votre style. Pl\u00e9biscit\u00e9es par nos clientes, ces sandales font partie de nos incontournables ! Ajoutez-les d\u00e8s [&hellip;]<\/p>","protected":false},"featured_media":13702,"template":"","meta":[],"product_brand":[],"product_cat":[61,72,59],"product_tag":[74,67,69,73],"class_list":{"0":"post-13720","1":"product","2":"type-product","3":"status-publish","4":"has-post-thumbnail","6":"product_cat-sandales","7":"product_cat-tressees","8":"product_cat-best-seller","9":"product_tag-best-sellers","10":"product_tag-poids-akan","11":"product_tag-sandales","12":"product_tag-tressees","14":"first","15":"instock","16":"shipping-taxable","17":"purchasable","18":"product-type-variable"},"_links":{"self":[{"href":"https:\/\/coandclo.com\/en\/wp-json\/wp\/v2\/product\/13720","targetHints":{"allow":["GET"]}}],"collection":[{"href":"https:\/\/coandclo.com\/en\/wp-json\/wp\/v2\/product"}],"about":[{"href":"https:\/\/coandclo.com\/en\/wp-json\/wp\/v2\/types\/product"}],"wp:featuredmedia":[{"embeddable":true,"href":"https:\/\/coandclo.com\/en\/wp-json\/wp\/v2\/media\/13702"}],"wp:attachment":[{"href":"https:\/\/coandclo.com\/en\/wp-json\/wp\/v2\/media?parent=13720"}],"wp:term":[{"taxonomy":"product_brand","embeddable":true,"href":"https:\/\/coandclo.com\/en\/wp-json\/wp\/v2\/product_brand?post=13720"},{"taxonomy":"product_cat","embeddable":true,"href":"https:\/\/coandclo.com\/en\/wp-json\/wp\/v2\/product_cat?post=13720"},{"taxonomy":"product_tag","embeddable":true,"href":"https:\/\/coandclo.com\/en\/wp-json\/wp\/v2\/product_tag?post=13720"}],"curies":[{"name":"wp","href":"https:\/\/api.w.org\/{rel}","templated":true}]}}