{"id":13692,"date":"2026-03-08T09:55:51","date_gmt":"2026-03-08T08:55:51","guid":{"rendered":"https:\/\/coandclo.com\/?post_type=product&#038;p=13692"},"modified":"2026-03-08T10:08:56","modified_gmt":"2026-03-08T09:08:56","slug":"sandales-tressees-cauris","status":"publish","type":"product","link":"https:\/\/coandclo.com\/en\/product\/sandales-tressees-cauris\/","title":{"rendered":"Sandales Tress\u00e9es &#8211; Cauris"},"content":{"rendered":"<p>Notre Best-Seller<\/p>\n<p>Craquez pour l\u2019\u00e9l\u00e9gance unique de nos sandales tress\u00e9es, disponibles en tissu wax imprim\u00e9 ou uni. Sublim\u00e9es par de pr\u00e9cieuses perles Akan orn\u00e9es d\u2019or 24 carats et dot\u00e9es d\u2019une semelle en caoutchouc pour un confort optimal, elles apportent une touche raffin\u00e9e et authentique \u00e0 votre style.<\/p>\n<p>Pl\u00e9biscit\u00e9es par nos clientes, ces sandales font partie de nos incontournables ! Ajoutez-les d\u00e8s maintenant \u00e0 votre collection.<\/p>","protected":false},"excerpt":{"rendered":"<p>Notre Best-Seller Craquez pour l\u2019\u00e9l\u00e9gance unique de nos sandales tress\u00e9es, disponibles en tissu wax imprim\u00e9 ou uni. Sublim\u00e9es par de pr\u00e9cieuses perles Akan orn\u00e9es d\u2019or 24 carats et dot\u00e9es d\u2019une semelle en caoutchouc pour un confort optimal, elles apportent une touche raffin\u00e9e et authentique \u00e0 votre style. Pl\u00e9biscit\u00e9es par nos clientes, ces sandales font partie [&hellip;]<\/p>","protected":false},"featured_media":13691,"template":"","meta":[],"product_brand":[],"product_cat":[61,72],"product_tag":[74,67,69,73],"class_list":{"0":"post-13692","1":"product","2":"type-product","3":"status-publish","4":"has-post-thumbnail","6":"product_cat-sandales","7":"product_cat-tressees","8":"product_tag-best-sellers","9":"product_tag-poids-akan","10":"product_tag-sandales","11":"product_tag-tressees","13":"first","14":"instock","15":"shipping-taxable","16":"purchasable","17":"product-type-variable"},"_links":{"self":[{"href":"https:\/\/coandclo.com\/en\/wp-json\/wp\/v2\/product\/13692","targetHints":{"allow":["GET"]}}],"collection":[{"href":"https:\/\/coandclo.com\/en\/wp-json\/wp\/v2\/product"}],"about":[{"href":"https:\/\/coandclo.com\/en\/wp-json\/wp\/v2\/types\/product"}],"wp:featuredmedia":[{"embeddable":true,"href":"https:\/\/coandclo.com\/en\/wp-json\/wp\/v2\/media\/13691"}],"wp:attachment":[{"href":"https:\/\/coandclo.com\/en\/wp-json\/wp\/v2\/media?parent=13692"}],"wp:term":[{"taxonomy":"product_brand","embeddable":true,"href":"https:\/\/coandclo.com\/en\/wp-json\/wp\/v2\/product_brand?post=13692"},{"taxonomy":"product_cat","embeddable":true,"href":"https:\/\/coandclo.com\/en\/wp-json\/wp\/v2\/product_cat?post=13692"},{"taxonomy":"product_tag","embeddable":true,"href":"https:\/\/coandclo.com\/en\/wp-json\/wp\/v2\/product_tag?post=13692"}],"curies":[{"name":"wp","href":"https:\/\/api.w.org\/{rel}","templated":true}]}}