{"id":13673,"date":"2026-03-02T00:35:33","date_gmt":"2026-03-01T23:35:33","guid":{"rendered":"https:\/\/coandclo.com\/?post_type=product&#038;p=13673"},"modified":"2026-03-08T09:50:04","modified_gmt":"2026-03-08T08:50:04","slug":"sandales-classiques","status":"publish","type":"product","link":"https:\/\/coandclo.com\/en\/product\/sandales-classiques\/","title":{"rendered":"Sandales Classiques"},"content":{"rendered":"<p>\u00c9l\u00e9gantes et authentiques, nos sandales \u00e0 brides sont sublim\u00e9es par des perles Akan orn\u00e9es d\u2019or 24 carats, apportant une touche de raffinement unique \u00e0 votre style.<\/p>\n<p>Leur semelle assure confort et durabilit\u00e9, parfaites pour allier tradition et modernit\u00e9 au quotidien.<\/p>\n<p>Disponibles en blanc, rose, jaune, marron, rouge, bleu, noir et orange, elles s\u2019adaptent \u00e0 toutes vos envies et toutes les occasions.<\/p>\n<p>Ajoutez une touche d\u2019\u00e9l\u00e9gance africaine \u00e0 votre garde-robe d\u00e8s maintenant !<\/p>","protected":false},"excerpt":{"rendered":"<p>\u00c9l\u00e9gantes et authentiques, nos sandales \u00e0 brides sont sublim\u00e9es par des perles Akan orn\u00e9es d\u2019or 24 carats, apportant une touche de raffinement unique \u00e0 votre style. Leur semelle assure confort et durabilit\u00e9, parfaites pour allier tradition et modernit\u00e9 au quotidien. Disponibles en blanc, rose, jaune, marron, rouge, bleu, noir et orange, elles s\u2019adaptent \u00e0 toutes [&hellip;]<\/p>","protected":false},"featured_media":13664,"template":"","meta":[],"product_brand":[],"product_cat":[71,61],"product_tag":[70,67,69],"class_list":{"0":"post-13673","1":"product","2":"type-product","3":"status-publish","4":"has-post-thumbnail","6":"product_cat-classiques","7":"product_cat-sandales","8":"product_tag-classique","9":"product_tag-poids-akan","10":"product_tag-sandales","12":"first","13":"instock","14":"shipping-taxable","15":"purchasable","16":"product-type-variable"},"_links":{"self":[{"href":"https:\/\/coandclo.com\/en\/wp-json\/wp\/v2\/product\/13673","targetHints":{"allow":["GET"]}}],"collection":[{"href":"https:\/\/coandclo.com\/en\/wp-json\/wp\/v2\/product"}],"about":[{"href":"https:\/\/coandclo.com\/en\/wp-json\/wp\/v2\/types\/product"}],"wp:featuredmedia":[{"embeddable":true,"href":"https:\/\/coandclo.com\/en\/wp-json\/wp\/v2\/media\/13664"}],"wp:attachment":[{"href":"https:\/\/coandclo.com\/en\/wp-json\/wp\/v2\/media?parent=13673"}],"wp:term":[{"taxonomy":"product_brand","embeddable":true,"href":"https:\/\/coandclo.com\/en\/wp-json\/wp\/v2\/product_brand?post=13673"},{"taxonomy":"product_cat","embeddable":true,"href":"https:\/\/coandclo.com\/en\/wp-json\/wp\/v2\/product_cat?post=13673"},{"taxonomy":"product_tag","embeddable":true,"href":"https:\/\/coandclo.com\/en\/wp-json\/wp\/v2\/product_tag?post=13673"}],"curies":[{"name":"wp","href":"https:\/\/api.w.org\/{rel}","templated":true}]}}