{"id":13491,"date":"2025-10-04T23:21:21","date_gmt":"2025-10-04T21:21:21","guid":{"rendered":"https:\/\/coandclo.com\/?page_id=13491"},"modified":"2025-10-04T23:41:59","modified_gmt":"2025-10-04T21:41:59","slug":"personnalisation","status":"publish","type":"page","link":"https:\/\/coandclo.com\/en\/personnalisation\/","title":{"rendered":"Personnalisation"},"content":{"rendered":"<div data-elementor-type=\"wp-page\" data-elementor-id=\"13491\" class=\"elementor elementor-13491\">\n\t\t\t\t<div class=\"elementor-element elementor-element-ad549f6 e-flex e-con-boxed e-con e-parent\" data-id=\"ad549f6\" data-element_type=\"container\">\n\t\t\t\t\t<div class=\"e-con-inner\">\n\t\t<div class=\"elementor-element elementor-element-f642275 e-con-full e-flex e-con e-child\" data-id=\"f642275\" data-element_type=\"container\">\n\t\t\t\t<div class=\"elementor-element elementor-element-f810cb4 elementor-widget elementor-widget-haru-heading\" data-id=\"f810cb4\" data-element_type=\"widget\" data-widget_type=\"haru-heading.default\">\n\t\t\t\t<div class=\"elementor-widget-container\">\n\t\t\t\t\t<h2 class=\"haru-heading-title haru-heading-title--heading-2\">Personnalisation<\/h2>\t\t\t\t<\/div>\n\t\t\t\t<\/div>\n\t\t\t\t<\/div>\n\t\t\t\t\t<\/div>\n\t\t\t\t<\/div>\n\t\t<div class=\"elementor-element elementor-element-e34aac0 e-flex e-con-boxed e-con e-parent\" data-id=\"e34aac0\" data-element_type=\"container\" data-settings=\"{&quot;background_background&quot;:&quot;classic&quot;}\">\n\t\t\t\t\t<div class=\"e-con-inner\">\n\t\t\t\t<div class=\"elementor-element elementor-element-b9d552c elementor-widget__width-inherit elementor-absolute elementor-widget elementor-widget-haru-background-creative\" data-id=\"b9d552c\" data-element_type=\"widget\" data-settings=\"{&quot;_position&quot;:&quot;absolute&quot;}\" data-widget_type=\"haru-background-creative.default\">\n\t\t\t\t<div class=\"elementor-widget-container\">\n\t\t\t\t\t\n        \t\t        \t<div id=\"haru-background-creative-b9d552c\" class=\"haru-background-creative haru-background-creative--style-1\">\n\t        \t\t\t\t\t<div class=\"haru-background-creative__list haru-slick\" data-slick='{\"slidesToShow\" : 1, \"slidesToScroll\" : 1, \"arrows\" : false, \"infinite\" : true, \"centerMode\" : false, \"focusOnSelect\" : true, \"fade\": true, \"vertical\" : false, \"pauseOnHover\": false, \"pauseOnFocus\": false, \"autoplay\": true, \"autoplaySpeed\": 4000 }'>\n\t\t\t\t\t<div class=\"haru-background-creative__item\" style=\"background-color: #F7F6F1\">\n\t      \t<\/div>\n\t\t\t\t\t<div class=\"haru-background-creative__item\" style=\"background-color: #EFE9E7\">\n\t      \t<\/div>\n\t\t\t\t\t<div class=\"haru-background-creative__item\" style=\"background-color: #F7F6F1\">\n\t      \t<\/div>\n\t\t\t\t<\/div>\n\n\t\t    \t\t<\/div>\n    \t\t\n    \t\t\t\t\t\t<\/div>\n\t\t\t\t<\/div>\n\t\t<div class=\"elementor-element elementor-element-62e3527 e-con-full e-flex e-con e-child\" data-id=\"62e3527\" data-element_type=\"container\">\n\t\t\t\t<div class=\"elementor-element elementor-element-8ad3008 elementor-widget elementor-widget-text-editor\" data-id=\"8ad3008\" data-element_type=\"widget\" data-widget_type=\"text-editor.default\">\n\t\t\t\t<div class=\"elementor-widget-container\">\n\t\t\t\t\t\t\t\t\t<p>Vous pr\u00e9parez <strong>un mariage, un anniversaire, une c\u00e9r\u00e9monie<\/strong> ou <strong>un \u00e9v\u00e9nement sp\u00e9cial<\/strong> ?<br \/>Offrez (ou offrez-vous) une cr\u00e9ation unique qui refl\u00e8te pleinement votre <strong>style<\/strong> et <strong>l\u2019importance de l\u2019occasion<\/strong>.<\/p><p>Chez Co &amp; Clo, nous vous proposons un service de personnalisation sur mesure :<br \/><strong>Choix des tissus, des couleurs, des finitions, ajout de poids Akan, de motifs traditionnels ou de d\u00e9tails symboliques<\/strong>.<\/p>\t\t\t\t\t\t\t\t<\/div>\n\t\t\t\t<\/div>\n\t\t\t\t<div class=\"elementor-element elementor-element-2c9ae17 elementor-widget elementor-widget-text-editor\" data-id=\"2c9ae17\" data-element_type=\"widget\" data-widget_type=\"text-editor.default\">\n\t\t\t\t<div class=\"elementor-widget-container\">\n\t\t\t\t\t\t\t\t\t<p>Chaque pi\u00e8ce est con\u00e7ue avec soin en collaboration avec vous, pour r\u00e9pondre parfaitement \u00e0 vos envies et sublimer vos moments inoubliables.<\/p>\t\t\t\t\t\t\t\t<\/div>\n\t\t\t\t<\/div>\n\t\t\t\t<div class=\"elementor-element elementor-element-c33e39c elementor-widget elementor-widget-text-editor\" data-id=\"c33e39c\" data-element_type=\"widget\" data-widget_type=\"text-editor.default\">\n\t\t\t\t<div class=\"elementor-widget-container\">\n\t\t\t\t\t\t\t\t\t<p>Pour toute demande de personnalisation, contactez-nous \u00e0 <strong style=\"font-weight: 600;\">coandclo1@gmail.com<\/strong> ou <strong style=\"font-weight: 600;\">info@coandclo.com<\/strong> ou <strong style=\"font-weight: 600;\">via WHATSAPP +2250787315655<\/strong><\/p><p>Nous serons ravis de cr\u00e9er ensemble quelque chose d\u2019exceptionnel.<\/p>\t\t\t\t\t\t\t\t<\/div>\n\t\t\t\t<\/div>\n\t\t\t\t<div class=\"elementor-element elementor-element-f7ca6ce haru-align-center elementor-widget elementor-widget-haru-button\" data-id=\"f7ca6ce\" data-element_type=\"widget\" data-widget_type=\"haru-button.default\">\n\t\t\t\t<div class=\"elementor-widget-container\">\n\t\t\t\t\t\n        \t<div class=\"haru-button-wrap\">\n        \t\t<a class=\"haru-button--has-icon haru-button elementor-button1 haru-button--style-1 haru-button--bg-primary haru-button--size-large haru-button--round-normal elementor-button-link1 haru-button-link\" role=\"button\" href=\"https:\/\/coandclo.com\/en\/contactez-nous\/\">\n        \t\t\t\t\t\t<span class=\"elementor-button-content-wrapper1 haru-button-content-wrapper\">\n\t\t\t\t\t\t\t\t<span class=\"haru-button-icon haru-align-icon-right\">\n\t\t\t\t\t<i aria-hidden=\"true\" class=\"phosphor phosphor-caret-right\"><\/i>\t\t\t\t<\/span>\n\t\t\t\t\t\t\t\t<span class=\"elementor-button-text1 haru-button-text\">Contactez-nous<\/span>\n\t\t\t<\/span>\n\t\t\t    \t\t\t<\/a>\n    \t\t<\/div>\n\n    \t\t\t\t\t\t<\/div>\n\t\t\t\t<\/div>\n\t\t<div class=\"elementor-element elementor-element-5948523 e-con-full e-grid e-con e-child\" data-id=\"5948523\" data-element_type=\"container\">\n\t\t\t\t<div class=\"elementor-element elementor-element-09daa38 elementor-widget elementor-widget-image\" data-id=\"09daa38\" data-element_type=\"widget\" data-widget_type=\"image.default\">\n\t\t\t\t<div class=\"elementor-widget-container\">\n\t\t\t\t\t\t\t\t\t\t\t\t\t\t\t<img decoding=\"async\" src=\"https:\/\/coandclo.com\/wp-content\/uploads\/elementor\/thumbs\/bg_1-scaled-rcqaaqgaoospt6xrpwnsngy7rz1hky7el3tgjkmh34.webp\" title=\"bg_1\" alt=\"bg_1\" loading=\"lazy\" \/>\t\t\t\t\t\t\t\t\t\t\t\t\t\t\t<\/div>\n\t\t\t\t<\/div>\n\t\t\t\t<div class=\"elementor-element elementor-element-ddb8728 elementor-widget elementor-widget-image\" data-id=\"ddb8728\" data-element_type=\"widget\" data-widget_type=\"image.default\">\n\t\t\t\t<div class=\"elementor-widget-container\">\n\t\t\t\t\t\t\t\t\t\t\t\t\t\t\t<img decoding=\"async\" src=\"https:\/\/coandclo.com\/wp-content\/uploads\/elementor\/thumbs\/bg_3-scaled-rcqab5hpq1d8xalhuhakwnkl8r4xvinzptpg0pcohs.webp\" title=\"bg_3\" alt=\"bg_3\" loading=\"lazy\" \/>\t\t\t\t\t\t\t\t\t\t\t\t\t\t\t<\/div>\n\t\t\t\t<\/div>\n\t\t\t\t<div class=\"elementor-element elementor-element-c70d00d elementor-widget elementor-widget-image\" data-id=\"c70d00d\" data-element_type=\"widget\" data-widget_type=\"image.default\">\n\t\t\t\t<div class=\"elementor-widget-container\">\n\t\t\t\t\t\t\t\t\t\t\t\t\t\t\t<img decoding=\"async\" src=\"https:\/\/coandclo.com\/wp-content\/uploads\/elementor\/thumbs\/bg_2-scaled-rcqaaywue748o0v1wwg6x78d321ddmxvcx51nrmfpc.webp\" title=\"bg_2\" alt=\"bg_2\" loading=\"lazy\" \/>\t\t\t\t\t\t\t\t\t\t\t\t\t\t\t<\/div>\n\t\t\t\t<\/div>\n\t\t\t\t<\/div>\n\t\t\t\t<\/div>\n\t\t\t\t\t<\/div>\n\t\t\t\t<\/div>\n\t\t\t\t<\/div>","protected":false},"excerpt":{"rendered":"<p>Personnalisation Vous pr\u00e9parez un mariage, un anniversaire, une c\u00e9r\u00e9monie ou un \u00e9v\u00e9nement sp\u00e9cial ?Offrez (ou offrez-vous) une cr\u00e9ation unique qui refl\u00e8te pleinement votre style et l\u2019importance de l\u2019occasion. Chez Co &amp; Clo, nous vous proposons un service de personnalisation sur mesure :Choix des tissus, des couleurs, des finitions, ajout de poids Akan, de motifs traditionnels [&hellip;]<\/p>","protected":false},"author":1,"featured_media":0,"parent":0,"menu_order":0,"comment_status":"closed","ping_status":"closed","template":"","meta":{"footnotes":""},"class_list":["post-13491","page","type-page","status-publish","hentry"],"_links":{"self":[{"href":"https:\/\/coandclo.com\/en\/wp-json\/wp\/v2\/pages\/13491","targetHints":{"allow":["GET"]}}],"collection":[{"href":"https:\/\/coandclo.com\/en\/wp-json\/wp\/v2\/pages"}],"about":[{"href":"https:\/\/coandclo.com\/en\/wp-json\/wp\/v2\/types\/page"}],"author":[{"embeddable":true,"href":"https:\/\/coandclo.com\/en\/wp-json\/wp\/v2\/users\/1"}],"replies":[{"embeddable":true,"href":"https:\/\/coandclo.com\/en\/wp-json\/wp\/v2\/comments?post=13491"}],"version-history":[{"count":34,"href":"https:\/\/coandclo.com\/en\/wp-json\/wp\/v2\/pages\/13491\/revisions"}],"predecessor-version":[{"id":13531,"href":"https:\/\/coandclo.com\/en\/wp-json\/wp\/v2\/pages\/13491\/revisions\/13531"}],"wp:attachment":[{"href":"https:\/\/coandclo.com\/en\/wp-json\/wp\/v2\/media?parent=13491"}],"curies":[{"name":"wp","href":"https:\/\/api.w.org\/{rel}","templated":true}]}}