{"id":13456,"date":"2025-10-04T23:01:23","date_gmt":"2025-10-04T21:01:23","guid":{"rendered":"https:\/\/coandclo.com\/?page_id=13456"},"modified":"2025-10-04T23:19:13","modified_gmt":"2025-10-04T21:19:13","slug":"vente-en-gros","status":"publish","type":"page","link":"https:\/\/coandclo.com\/en\/vente-en-gros\/","title":{"rendered":"Vente en gros"},"content":{"rendered":"<div data-elementor-type=\"wp-page\" data-elementor-id=\"13456\" class=\"elementor elementor-13456\">\n\t\t\t\t<div class=\"elementor-element elementor-element-ad549f6 e-flex e-con-boxed e-con e-parent\" data-id=\"ad549f6\" data-element_type=\"container\">\n\t\t\t\t\t<div class=\"e-con-inner\">\n\t\t<div class=\"elementor-element elementor-element-f642275 e-con-full e-flex e-con e-child\" data-id=\"f642275\" data-element_type=\"container\">\n\t\t\t\t<div class=\"elementor-element elementor-element-f810cb4 elementor-widget elementor-widget-haru-heading\" data-id=\"f810cb4\" data-element_type=\"widget\" data-widget_type=\"haru-heading.default\">\n\t\t\t\t<div class=\"elementor-widget-container\">\n\t\t\t\t\t<h2 class=\"haru-heading-title haru-heading-title--heading-2\">Vente en gros<\/h2>\t\t\t\t<\/div>\n\t\t\t\t<\/div>\n\t\t\t\t<\/div>\n\t\t\t\t\t<\/div>\n\t\t\t\t<\/div>\n\t\t<div class=\"elementor-element elementor-element-e34aac0 e-flex e-con-boxed e-con e-parent\" data-id=\"e34aac0\" data-element_type=\"container\" data-settings=\"{&quot;background_background&quot;:&quot;classic&quot;}\">\n\t\t\t\t\t<div class=\"e-con-inner\">\n\t\t\t\t<div class=\"elementor-element elementor-element-b9d552c elementor-widget__width-inherit elementor-absolute elementor-widget elementor-widget-haru-background-creative\" data-id=\"b9d552c\" data-element_type=\"widget\" data-settings=\"{&quot;_position&quot;:&quot;absolute&quot;}\" data-widget_type=\"haru-background-creative.default\">\n\t\t\t\t<div class=\"elementor-widget-container\">\n\t\t\t\t\t\n        \t\t        \t<div id=\"haru-background-creative-b9d552c\" class=\"haru-background-creative haru-background-creative--style-1\">\n\t        \t\t\t\t\t<div class=\"haru-background-creative__list haru-slick\" data-slick='{\"slidesToShow\" : 1, \"slidesToScroll\" : 1, \"arrows\" : false, \"infinite\" : true, \"centerMode\" : false, \"focusOnSelect\" : true, \"fade\": true, \"vertical\" : false, \"pauseOnHover\": false, \"pauseOnFocus\": false, \"autoplay\": true, \"autoplaySpeed\": 4000 }'>\n\t\t\t\t\t<div class=\"haru-background-creative__item\" style=\"background-color: #F7F6F1\">\n\t      \t<\/div>\n\t\t\t\t\t<div class=\"haru-background-creative__item\" style=\"background-color: #EFE9E7\">\n\t      \t<\/div>\n\t\t\t\t\t<div class=\"haru-background-creative__item\" style=\"background-color: #F7F6F1\">\n\t      \t<\/div>\n\t\t\t\t<\/div>\n\n\t\t    \t\t<\/div>\n    \t\t\n    \t\t\t\t\t\t<\/div>\n\t\t\t\t<\/div>\n\t\t<div class=\"elementor-element elementor-element-62e3527 e-con-full e-flex e-con e-child\" data-id=\"62e3527\" data-element_type=\"container\">\n\t\t\t\t<div class=\"elementor-element elementor-element-8ad3008 elementor-widget elementor-widget-text-editor\" data-id=\"8ad3008\" data-element_type=\"widget\" data-widget_type=\"text-editor.default\">\n\t\t\t\t<div class=\"elementor-widget-container\">\n\t\t\t\t\t\t\t\t\t<p>Vous \u00eates <strong style=\"font-weight: 600;\">revendeur, boutique, concept store<\/strong> ou professionnel de la mode \u00e0 la recherche de produits uniques, artisanaux et porteurs de sens ?<\/p><p>Co &amp; Clo propose des solutions de <strong style=\"font-weight: 600;\">vente en gros<\/strong> pour vous permettre d\u2019offrir \u00e0 votre client\u00e8le des <strong style=\"font-weight: 600;\">sandales et accessoires inspir\u00e9s de la culture africaine<\/strong>, fabriqu\u00e9s avec soin en C\u00f4te d\u2019Ivoire.<\/p>\t\t\t\t\t\t\t\t<\/div>\n\t\t\t\t<\/div>\n\t\t\t\t<div class=\"elementor-element elementor-element-2c9ae17 elementor-widget elementor-widget-text-editor\" data-id=\"2c9ae17\" data-element_type=\"widget\" data-widget_type=\"text-editor.default\">\n\t\t\t\t<div class=\"elementor-widget-container\">\n\t\t\t\t\t\t\t\t\t<p>Nos collections m\u00ealent <strong style=\"font-weight: 600;\">savoir-faire traditionnel<\/strong> et <strong style=\"font-weight: 600;\">\u00e9l\u00e9gance contemporaine<\/strong>, avec des pi\u00e8ces orn\u00e9es de poids Akan authentiques et de pagne wax de qualit\u00e9.<\/p><p>En choisissant de revendre nos cr\u00e9ations, vous contribuez \u00e0 <strong style=\"font-weight: 600;\">valoriser l\u2019artisanat local<\/strong> et \u00e0 faire rayonner une mode \u00e9thique et inspirante.<\/p>\t\t\t\t\t\t\t\t<\/div>\n\t\t\t\t<\/div>\n\t\t\t\t<div class=\"elementor-element elementor-element-c33e39c elementor-widget elementor-widget-text-editor\" data-id=\"c33e39c\" data-element_type=\"widget\" data-widget_type=\"text-editor.default\">\n\t\t\t\t<div class=\"elementor-widget-container\">\n\t\t\t\t\t\t\t\t\t<p>Pour toute demande de tarif professionnel, de catalogue ou de collaboration en B2B :<br \/>Contactez-nous \u00e0 <strong style=\"font-weight: 600;\">coandclo1@gmail.com<\/strong> ou <strong style=\"font-weight: 600;\">info@coandclo.com<\/strong>.<\/p>\t\t\t\t\t\t\t\t<\/div>\n\t\t\t\t<\/div>\n\t\t\t\t<div class=\"elementor-element elementor-element-f7ca6ce haru-align-center elementor-widget elementor-widget-haru-button\" data-id=\"f7ca6ce\" data-element_type=\"widget\" data-widget_type=\"haru-button.default\">\n\t\t\t\t<div class=\"elementor-widget-container\">\n\t\t\t\t\t\n        \t<div class=\"haru-button-wrap\">\n        \t\t<a class=\"haru-button--has-icon haru-button elementor-button1 haru-button--style-1 haru-button--bg-primary haru-button--size-large haru-button--round-normal elementor-button-link1 haru-button-link\" role=\"button\" href=\"https:\/\/coandclo.com\/en\/contactez-nous\/\">\n        \t\t\t\t\t\t<span class=\"elementor-button-content-wrapper1 haru-button-content-wrapper\">\n\t\t\t\t\t\t\t\t<span class=\"haru-button-icon haru-align-icon-right\">\n\t\t\t\t\t<i aria-hidden=\"true\" class=\"phosphor phosphor-caret-right\"><\/i>\t\t\t\t<\/span>\n\t\t\t\t\t\t\t\t<span class=\"elementor-button-text1 haru-button-text\">Contactez-nous<\/span>\n\t\t\t<\/span>\n\t\t\t    \t\t\t<\/a>\n    \t\t<\/div>\n\n    \t\t\t\t\t\t<\/div>\n\t\t\t\t<\/div>\n\t\t\t\t<div class=\"elementor-element elementor-element-09daa38 elementor-widget elementor-widget-image\" data-id=\"09daa38\" data-element_type=\"widget\" data-widget_type=\"image.default\">\n\t\t\t\t<div class=\"elementor-widget-container\">\n\t\t\t\t\t\t\t\t\t\t\t\t\t\t\t<img decoding=\"async\" src=\"https:\/\/coandclo.com\/wp-content\/uploads\/elementor\/thumbs\/rose-rcq9o6bqntx17rfuvrhdnvgykg2rz1ufqspq3sq48w.webp\" title=\"rose\" alt=\"rose\" loading=\"lazy\" \/>\t\t\t\t\t\t\t\t\t\t\t\t\t\t\t<\/div>\n\t\t\t\t<\/div>\n\t\t\t\t<\/div>\n\t\t\t\t\t<\/div>\n\t\t\t\t<\/div>\n\t\t\t\t<\/div>","protected":false},"excerpt":{"rendered":"<p>Vente en gros Vous \u00eates revendeur, boutique, concept store ou professionnel de la mode \u00e0 la recherche de produits uniques, artisanaux et porteurs de sens ? Co &amp; Clo propose des solutions de vente en gros pour vous permettre d\u2019offrir \u00e0 votre client\u00e8le des sandales et accessoires inspir\u00e9s de la culture africaine, fabriqu\u00e9s avec soin [&hellip;]<\/p>","protected":false},"author":1,"featured_media":0,"parent":0,"menu_order":0,"comment_status":"closed","ping_status":"closed","template":"","meta":{"footnotes":""},"class_list":["post-13456","page","type-page","status-publish","hentry"],"_links":{"self":[{"href":"https:\/\/coandclo.com\/en\/wp-json\/wp\/v2\/pages\/13456","targetHints":{"allow":["GET"]}}],"collection":[{"href":"https:\/\/coandclo.com\/en\/wp-json\/wp\/v2\/pages"}],"about":[{"href":"https:\/\/coandclo.com\/en\/wp-json\/wp\/v2\/types\/page"}],"author":[{"embeddable":true,"href":"https:\/\/coandclo.com\/en\/wp-json\/wp\/v2\/users\/1"}],"replies":[{"embeddable":true,"href":"https:\/\/coandclo.com\/en\/wp-json\/wp\/v2\/comments?post=13456"}],"version-history":[{"count":31,"href":"https:\/\/coandclo.com\/en\/wp-json\/wp\/v2\/pages\/13456\/revisions"}],"predecessor-version":[{"id":13489,"href":"https:\/\/coandclo.com\/en\/wp-json\/wp\/v2\/pages\/13456\/revisions\/13489"}],"wp:attachment":[{"href":"https:\/\/coandclo.com\/en\/wp-json\/wp\/v2\/media?parent=13456"}],"curies":[{"name":"wp","href":"https:\/\/api.w.org\/{rel}","templated":true}]}}