{"id":13276,"date":"2025-10-03T13:42:07","date_gmt":"2025-10-03T11:42:07","guid":{"rendered":"https:\/\/coandclo.com\/?page_id=13276"},"modified":"2025-10-03T19:49:32","modified_gmt":"2025-10-03T17:49:32","slug":"a-propos-de-nous","status":"publish","type":"page","link":"https:\/\/coandclo.com\/en\/a-propos-de-nous\/","title":{"rendered":"A propos de nous"},"content":{"rendered":"<div data-elementor-type=\"wp-page\" data-elementor-id=\"13276\" class=\"elementor elementor-13276\">\n\t\t\t\t<div class=\"elementor-element elementor-element-ad549f6 e-flex e-con-boxed e-con e-parent\" data-id=\"ad549f6\" data-element_type=\"container\">\n\t\t\t\t\t<div class=\"e-con-inner\">\n\t\t<div class=\"elementor-element elementor-element-f642275 e-con-full e-flex e-con e-child\" data-id=\"f642275\" data-element_type=\"container\">\n\t\t\t\t<div class=\"elementor-element elementor-element-f810cb4 elementor-widget elementor-widget-haru-heading\" data-id=\"f810cb4\" data-element_type=\"widget\" data-widget_type=\"haru-heading.default\">\n\t\t\t\t<div class=\"elementor-widget-container\">\n\t\t\t\t\t<h2 class=\"haru-heading-title haru-heading-title--heading-2\">A propos de nous<\/h2>\t\t\t\t<\/div>\n\t\t\t\t<\/div>\n\t\t\t\t<\/div>\n\t\t\t\t\t<\/div>\n\t\t\t\t<\/div>\n\t\t<div class=\"elementor-element elementor-element-55c5cec e-flex e-con-boxed e-con e-parent\" data-id=\"55c5cec\" data-element_type=\"container\" data-settings=\"{&quot;background_background&quot;:&quot;classic&quot;}\">\n\t\t\t\t\t<div class=\"e-con-inner\">\n\t\t<div class=\"elementor-element elementor-element-875c73c e-con-full e-flex e-con e-child\" data-id=\"875c73c\" data-element_type=\"container\" data-settings=\"{&quot;background_background&quot;:&quot;classic&quot;}\">\n\t\t<div class=\"elementor-element elementor-element-30626f4 e-con-full e-flex e-con e-child\" data-id=\"30626f4\" data-element_type=\"container\" data-settings=\"{&quot;background_background&quot;:&quot;classic&quot;}\">\n\t\t\t\t<div class=\"elementor-element elementor-element-1dbdf0b elementor-widget elementor-widget-text-editor\" data-id=\"1dbdf0b\" data-element_type=\"widget\" data-widget_type=\"text-editor.default\">\n\t\t\t\t<div class=\"elementor-widget-container\">\n\t\t\t\t\t\t\t\t\tCr\u00e9\u00e9e en 2019, <strong style=\"font-weight: 600;\">Co &amp; Clo<\/strong> est bien plus qu\u2019une marque de chaussures et d\u2019accessoires : c\u2019est une <strong style=\"font-weight: 600;\">fusion audacieuse entre modernit\u00e9 et h\u00e9ritage africain<\/strong>, une invitation \u00e0 porter fi\u00e8rement son identit\u00e9 \u00e0 travers des cr\u00e9ations originales et raffin\u00e9es.\t\t\t\t\t\t\t\t<\/div>\n\t\t\t\t<\/div>\n\t\t\t\t<div class=\"elementor-element elementor-element-9305354 elementor-widget elementor-widget-text-editor\" data-id=\"9305354\" data-element_type=\"widget\" data-widget_type=\"text-editor.default\">\n\t\t\t\t<div class=\"elementor-widget-container\">\n\t\t\t\t\t\t\t\t\tChaque pi\u00e8ce est <strong style=\"font-weight: 600;\">con\u00e7ue et fabriqu\u00e9e avec soin en C\u00f4te d\u2019Ivoire<\/strong>, dans une d\u00e9marche artisanale qui valorise le savoir-faire local et les mat\u00e9riaux embl\u00e9matiques du continent.\nDu <strong style=\"font-weight: 600;\">pagne color\u00e9<\/strong> aux <strong style=\"font-weight: 600;\">poids Akan dor\u00e9s \u00e0 l\u2019or fin<\/strong>, nos cr\u00e9ations racontent une histoire \u2014 celle de la <strong style=\"font-weight: 600;\">femme africaine d\u2019aujourd\u2019hui<\/strong>,\nlibre, \u00e9l\u00e9gante, ancr\u00e9e dans ses racines et tourn\u00e9e vers l\u2019avenir.\t\t\t\t\t\t\t\t<\/div>\n\t\t\t\t<\/div>\n\t\t\t\t<div class=\"elementor-element elementor-element-752ec2c elementor-widget elementor-widget-text-editor\" data-id=\"752ec2c\" data-element_type=\"widget\" data-widget_type=\"text-editor.default\">\n\t\t\t\t<div class=\"elementor-widget-container\">\n\t\t\t\t\t\t\t\t\t<p>Chez <strong style=\"font-weight: 600;\">Co &amp; Clo<\/strong>, nous croyons en une mode qui a du sens : <strong style=\"font-weight: 600;\">authentique, responsable et inspirante<\/strong>.<br \/>Nous collaborons avec des artisans locaux, favorisons les circuits courts et portons une attention particuli\u00e8re \u00e0 chaque d\u00e9tail, pour vous offrir des pi\u00e8ces uniques, durables, et empreintes de caract\u00e8re.<\/p>\t\t\t\t\t\t\t\t<\/div>\n\t\t\t\t<\/div>\n\t\t\t\t<div class=\"elementor-element elementor-element-a54b42d elementor-widget elementor-widget-text-editor\" data-id=\"a54b42d\" data-element_type=\"widget\" data-widget_type=\"text-editor.default\">\n\t\t\t\t<div class=\"elementor-widget-container\">\n\t\t\t\t\t\t\t\t\t<p>Notre mission : sublimer la femme \u00e0 travers des produits qui c\u00e9l\u00e8brent <strong style=\"font-weight: 600;\">la richesse culturelle africaine<\/strong>, tout en r\u00e9pondant aux codes du style contemporain.<\/p>\t\t\t\t\t\t\t\t<\/div>\n\t\t\t\t<\/div>\n\t\t\t\t<div class=\"elementor-element elementor-element-8c2e3d7 elementor-widget elementor-widget-text-editor\" data-id=\"8c2e3d7\" data-element_type=\"widget\" data-widget_type=\"text-editor.default\">\n\t\t\t\t<div class=\"elementor-widget-container\">\n\t\t\t\t\t\t\t\t\t<p><strong style=\"font-weight: 600;\">Co &amp; Clo<\/strong>, c\u2019est une marque, mais aussi une <strong style=\"font-weight: 600;\">communaut\u00e9 de femmes fortes<\/strong>, passionn\u00e9es par la mode et fi\u00e8res de leurs origines.<\/p>\t\t\t\t\t\t\t\t<\/div>\n\t\t\t\t<\/div>\n\t\t\t\t<div class=\"elementor-element elementor-element-11a1a84 elementor-widget elementor-widget-text-editor\" data-id=\"11a1a84\" data-element_type=\"widget\" data-widget_type=\"text-editor.default\">\n\t\t\t\t<div class=\"elementor-widget-container\">\n\t\t\t\t\t\t\t\t\t<p><strong style=\"font-weight: 600;\">Bienvenue dans notre univers<\/strong>. Un univers o\u00f9 tradition et innovation marchent main dans la main, port\u00e9 par la beaut\u00e9, la culture et l\u2019audace.<\/p>\t\t\t\t\t\t\t\t<\/div>\n\t\t\t\t<\/div>\n\t\t\t\t<\/div>\n\t\t\t\t<\/div>\n\t\t\t\t\t<\/div>\n\t\t\t\t<\/div>\n\t\t<div class=\"elementor-element elementor-element-e34aac0 e-flex e-con-boxed e-con e-parent\" data-id=\"e34aac0\" data-element_type=\"container\" data-settings=\"{&quot;background_background&quot;:&quot;classic&quot;}\">\n\t\t\t\t\t<div class=\"e-con-inner\">\n\t\t\t\t<div class=\"elementor-element elementor-element-b9d552c elementor-widget__width-inherit elementor-absolute elementor-widget elementor-widget-haru-background-creative\" data-id=\"b9d552c\" data-element_type=\"widget\" data-settings=\"{&quot;_position&quot;:&quot;absolute&quot;}\" data-widget_type=\"haru-background-creative.default\">\n\t\t\t\t<div class=\"elementor-widget-container\">\n\t\t\t\t\t\n        \t\t        \t<div id=\"haru-background-creative-b9d552c\" class=\"haru-background-creative haru-background-creative--style-1\">\n\t        \t\t\t\t\t<div class=\"haru-background-creative__list haru-slick\" data-slick='{\"slidesToShow\" : 1, \"slidesToScroll\" : 1, \"arrows\" : false, \"infinite\" : true, \"centerMode\" : false, \"focusOnSelect\" : true, \"fade\": true, \"vertical\" : false, \"pauseOnHover\": false, \"pauseOnFocus\": false, \"autoplay\": true, \"autoplaySpeed\": 4000 }'>\n\t\t\t\t\t<div class=\"haru-background-creative__item\" style=\"background-color: #F7F6F1\">\n\t      \t<\/div>\n\t\t\t\t\t<div class=\"haru-background-creative__item\" style=\"background-color: #EFE9E7\">\n\t      \t<\/div>\n\t\t\t\t\t<div class=\"haru-background-creative__item\" style=\"background-color: #F7F6F1\">\n\t      \t<\/div>\n\t\t\t\t<\/div>\n\n\t\t    \t\t<\/div>\n    \t\t\n    \t\t\t\t\t\t<\/div>\n\t\t\t\t<\/div>\n\t\t<div class=\"elementor-element elementor-element-3f62de0 e-con-full e-flex e-con e-child\" data-id=\"3f62de0\" data-element_type=\"container\">\n\t\t\t\t<div class=\"elementor-element elementor-element-448c41f elementor-widget elementor-widget-image\" data-id=\"448c41f\" data-element_type=\"widget\" data-widget_type=\"image.default\">\n\t\t\t\t<div class=\"elementor-widget-container\">\n\t\t\t\t\t\t\t\t\t\t\t\t\t\t\t<img decoding=\"async\" src=\"https:\/\/coandclo.com\/wp-content\/uploads\/elementor\/thumbs\/about_1-rcnyxutjpwvvy2zbinz99v9vjtmvoa15zff00qtcsg.webp\" title=\"about_1\" alt=\"about_1\" loading=\"lazy\" \/>\t\t\t\t\t\t\t\t\t\t\t\t\t\t\t<\/div>\n\t\t\t\t<\/div>\n\t\t\t\t<\/div>\n\t\t<div class=\"elementor-element elementor-element-62e3527 e-con-full e-flex e-con e-child\" data-id=\"62e3527\" data-element_type=\"container\">\n\t\t\t\t<div class=\"elementor-element elementor-element-c421be3 elementor-widget elementor-widget-heading\" data-id=\"c421be3\" data-element_type=\"widget\" data-widget_type=\"heading.default\">\n\t\t\t\t<div class=\"elementor-widget-container\">\n\t\t\t\t\t<h2 class=\"elementor-heading-title elementor-size-default\">\u201cLE PAGNE\u201d - Wax Fabric<\/h2>\t\t\t\t<\/div>\n\t\t\t\t<\/div>\n\t\t\t\t<div class=\"elementor-element elementor-element-8ad3008 elementor-widget elementor-widget-text-editor\" data-id=\"8ad3008\" data-element_type=\"widget\" data-widget_type=\"text-editor.default\">\n\t\t\t\t<div class=\"elementor-widget-container\">\n\t\t\t\t\t\t\t\t\t<p>Le tissu wax, \u00e9galement connu sous le nom de \u201ctissu wax africain\u201d, est un textile color\u00e9 et imprim\u00e9 qui trouve son origine en Indon\u00e9sie, mais qui est devenu embl\u00e9matique de la mode africaine. Il se distingue par ses motifs vibrants, souvent floraux ou g\u00e9om\u00e9triques, imprim\u00e9s sur du coton. Tr\u00e8s populaire, le tissu wax est utilis\u00e9 pour confectionner une grande vari\u00e9t\u00e9 de v\u00eatements, allant des tenues d\u00e9contract\u00e9es aux habits traditionnels africains.<\/p>\t\t\t\t\t\t\t\t<\/div>\n\t\t\t\t<\/div>\n\t\t\t\t<div class=\"elementor-element elementor-element-2c9ae17 elementor-widget elementor-widget-text-editor\" data-id=\"2c9ae17\" data-element_type=\"widget\" data-widget_type=\"text-editor.default\">\n\t\t\t\t<div class=\"elementor-widget-container\">\n\t\t\t\t\t\t\t\t\t<p>Au-del\u00e0 de son aspect esth\u00e9tique, il rev\u00eat une forte signification culturelle et est souvent port\u00e9 pour affirmer une identit\u00e9 culturelle et personnelle. Les motifs et couleurs du wax varient consid\u00e9rablement, et chaque design peut avoir sa propre histoire ou symbolique. Aujourd\u2019hui, il est un \u00e9l\u00e9ment incontournable de la mode africaine contemporaine et s\u00e9duit \u00e9galement \u00e0 l\u2019international pour son style unique et expressif.<\/p>\t\t\t\t\t\t\t\t<\/div>\n\t\t\t\t<\/div>\n\t\t\t\t<div class=\"elementor-element elementor-element-09daa38 elementor-widget elementor-widget-image\" data-id=\"09daa38\" data-element_type=\"widget\" data-widget_type=\"image.default\">\n\t\t\t\t<div class=\"elementor-widget-container\">\n\t\t\t\t\t\t\t\t\t\t\t\t\t\t\t<img decoding=\"async\" src=\"https:\/\/coandclo.com\/wp-content\/uploads\/elementor\/thumbs\/about_2-rcnyy1ef1r2mczcm3y3t4wa264xn2lujye029ufshs.webp\" title=\"about_2\" alt=\"about_2\" loading=\"lazy\" \/>\t\t\t\t\t\t\t\t\t\t\t\t\t\t\t<\/div>\n\t\t\t\t<\/div>\n\t\t\t\t<\/div>\n\t\t\t\t\t<\/div>\n\t\t\t\t<\/div>\n\t\t<div class=\"elementor-element elementor-element-ae091c1 e-flex e-con-boxed e-con e-parent\" data-id=\"ae091c1\" data-element_type=\"container\" data-settings=\"{&quot;background_background&quot;:&quot;classic&quot;}\">\n\t\t\t\t\t<div class=\"e-con-inner\">\n\t\t\t\t<div class=\"elementor-element elementor-element-926ddca elementor-widget__width-inherit elementor-absolute elementor-widget elementor-widget-haru-background-creative\" data-id=\"926ddca\" data-element_type=\"widget\" data-settings=\"{&quot;_position&quot;:&quot;absolute&quot;}\" data-widget_type=\"haru-background-creative.default\">\n\t\t\t\t<div class=\"elementor-widget-container\">\n\t\t\t\t\t\n        \t\t        \t<div id=\"haru-background-creative-926ddca\" class=\"haru-background-creative haru-background-creative--style-1\">\n\t        \t\t\t\t\t<div class=\"haru-background-creative__list haru-slick\" data-slick='{\"slidesToShow\" : 1, \"slidesToScroll\" : 1, \"arrows\" : false, \"infinite\" : true, \"centerMode\" : false, \"focusOnSelect\" : true, \"fade\": true, \"vertical\" : false, \"pauseOnHover\": false, \"pauseOnFocus\": false, \"autoplay\": true, \"autoplaySpeed\": 4000 }'>\n\t\t\t\t\t<div class=\"haru-background-creative__item\" style=\"background-color: #F7F6F1\">\n\t      \t<\/div>\n\t\t\t\t\t<div class=\"haru-background-creative__item\" style=\"background-color: #EFE9E7\">\n\t      \t<\/div>\n\t\t\t\t\t<div class=\"haru-background-creative__item\" style=\"background-color: #F7F6F1\">\n\t      \t<\/div>\n\t\t\t\t<\/div>\n\n\t\t    \t\t<\/div>\n    \t\t\n    \t\t\t\t\t\t<\/div>\n\t\t\t\t<\/div>\n\t\t<div class=\"elementor-element elementor-element-10e750d e-con-full e-flex e-con e-child\" data-id=\"10e750d\" data-element_type=\"container\">\n\t\t\t\t<div class=\"elementor-element elementor-element-0470d6b elementor-widget elementor-widget-heading\" data-id=\"0470d6b\" data-element_type=\"widget\" data-widget_type=\"heading.default\">\n\t\t\t\t<div class=\"elementor-widget-container\">\n\t\t\t\t\t<h2 class=\"elementor-heading-title elementor-size-default\">\u201cLE POIDS AKAN\u201d - Akan beads<\/h2>\t\t\t\t<\/div>\n\t\t\t\t<\/div>\n\t\t\t\t<div class=\"elementor-element elementor-element-4dc3a2b elementor-widget elementor-widget-text-editor\" data-id=\"4dc3a2b\" data-element_type=\"widget\" data-widget_type=\"text-editor.default\">\n\t\t\t\t<div class=\"elementor-widget-container\">\n\t\t\t\t\t\t\t\t\t<p>Les poids Akan sont des perles traditionnelles africaines fabriqu\u00e9es par le peuple Akan, principalement \u00e9tabli au Ghana et en C\u00f4te d\u2019Ivoire. Elles poss\u00e8dent une forte valeur culturelle et historique et sont utilis\u00e9es \u00e0 diverses fins, notamment pour l\u2019ornement personnel et la communication.<\/p>\t\t\t\t\t\t\t\t<\/div>\n\t\t\t\t<\/div>\n\t\t\t\t<div class=\"elementor-element elementor-element-823f3f9 elementor-widget elementor-widget-text-editor\" data-id=\"823f3f9\" data-element_type=\"widget\" data-widget_type=\"text-editor.default\">\n\t\t\t\t<div class=\"elementor-widget-container\">\n\t\t\t\t\t\t\t\t\t<p>Disponibles en diff\u00e9rentes formes, tailles et couleurs, ces poids sont fabriqu\u00e9s \u00e0 partir de divers mat\u00e9riaux tels que le verre, l\u2019argile et les pierres semi-pr\u00e9cieuses. Elles se distinguent par leurs motifs \u00e9labor\u00e9s et leurs teintes vibrantes, souvent porteurs de messages, de symboles ou de significations particuli\u00e8res.<\/p>\t\t\t\t\t\t\t\t<\/div>\n\t\t\t\t<\/div>\n\t\t\t\t<div class=\"elementor-element elementor-element-8eed1b9 elementor-widget elementor-widget-text-editor\" data-id=\"8eed1b9\" data-element_type=\"widget\" data-widget_type=\"text-editor.default\">\n\t\t\t\t<div class=\"elementor-widget-container\">\n\t\t\t\t\t\t\t\t\t<p>Les poids Akan sont port\u00e9s sous forme de bijoux \u2013 colliers, bracelets, perles de taille \u2013 ou int\u00e9gr\u00e9es \u00e0 des v\u00eatements et accessoires pour une touche d\u00e9corative. Au-del\u00e0 de leur beaut\u00e9, ils rev\u00eatent une importance culturelle et spirituelle et sont fr\u00e9quemment offertes ou port\u00e9s lors d\u2019\u00e9v\u00e9nements sp\u00e9ciaux comme les mariages, les c\u00e9r\u00e9monies de bapt\u00eame ou les rites de passage.<\/p>\t\t\t\t\t\t\t\t<\/div>\n\t\t\t\t<\/div>\n\t\t\t\t<div class=\"elementor-element elementor-element-1d901db elementor-widget elementor-widget-text-editor\" data-id=\"1d901db\" data-element_type=\"widget\" data-widget_type=\"text-editor.default\">\n\t\t\t\t<div class=\"elementor-widget-container\">\n\t\t\t\t\t\t\t\t\t<p>Dans la culture Akan, les couleurs et motifs des poids peuvent transmettre des significations sp\u00e9cifiques li\u00e9es aux traditions et \u00e0 l\u2019identit\u00e9 du peuple. Plus qu\u2019un simple ornement, les poids Akan sont un v\u00e9ritable symbole d\u2019h\u00e9ritage et d\u2019expression culturelle, parfois utilis\u00e9es pour communiquer un message ou un statut au sein de la communaut\u00e9.<\/p>\t\t\t\t\t\t\t\t<\/div>\n\t\t\t\t<\/div>\n\t\t\t\t<\/div>\n\t\t<div class=\"elementor-element elementor-element-366eba1 e-con-full e-flex e-con e-child\" data-id=\"366eba1\" data-element_type=\"container\">\n\t\t\t\t<div class=\"elementor-element elementor-element-a56b342 elementor-widget elementor-widget-image\" data-id=\"a56b342\" data-element_type=\"widget\" data-widget_type=\"image.default\">\n\t\t\t\t<div class=\"elementor-widget-container\">\n\t\t\t\t\t\t\t\t\t\t\t\t\t\t\t<img decoding=\"async\" src=\"https:\/\/coandclo.com\/wp-content\/uploads\/elementor\/thumbs\/about_4-scaled-rcnyyl5119txd3832pz7ct7qu5gg770ibug6d4w000.webp\" title=\"about_4\" alt=\"about_4\" loading=\"lazy\" \/>\t\t\t\t\t\t\t\t\t\t\t\t\t\t\t<\/div>\n\t\t\t\t<\/div>\n\t\t\t\t<div class=\"elementor-element elementor-element-febca4c elementor-widget elementor-widget-image\" data-id=\"febca4c\" data-element_type=\"widget\" data-widget_type=\"image.default\">\n\t\t\t\t<div class=\"elementor-widget-container\">\n\t\t\t\t\t\t\t\t\t\t\t\t\t\t\t<img decoding=\"async\" src=\"https:\/\/coandclo.com\/wp-content\/uploads\/elementor\/thumbs\/about_3-rcnyy63lzx9c7btxijh68x0dbziks1csxs0eopiark.webp\" title=\"about_3\" alt=\"about_3\" loading=\"lazy\" \/>\t\t\t\t\t\t\t\t\t\t\t\t\t\t\t<\/div>\n\t\t\t\t<\/div>\n\t\t\t\t<\/div>\n\t\t\t\t\t<\/div>\n\t\t\t\t<\/div>\n\t\t<div class=\"elementor-element elementor-element-607a7ba e-flex e-con-boxed e-con e-parent\" data-id=\"607a7ba\" data-element_type=\"container\">\n\t\t\t\t\t<div class=\"e-con-inner\">\n\t\t<div class=\"elementor-element elementor-element-82c399b e-con-full e-flex e-con e-child\" data-id=\"82c399b\" data-element_type=\"container\">\n\t\t\t\t<div class=\"elementor-element elementor-element-5063f96 elementor-widget elementor-widget-heading\" data-id=\"5063f96\" data-element_type=\"widget\" data-widget_type=\"heading.default\">\n\t\t\t\t<div class=\"elementor-widget-container\">\n\t\t\t\t\t<h2 class=\"elementor-heading-title elementor-size-default\">BEST SELLERS<\/h2>\t\t\t\t<\/div>\n\t\t\t\t<\/div>\n\t\t\t\t<\/div>\n\t\t\t\t\t<\/div>\n\t\t\t\t<\/div>\n\t\t<div class=\"elementor-element elementor-element-7bc06ee e-flex e-con-boxed e-con e-parent\" data-id=\"7bc06ee\" data-element_type=\"container\">\n\t\t\t\t\t<div class=\"e-con-inner\">\n\t\t<div class=\"elementor-element elementor-element-cef2c3d e-con-full e-flex e-con e-child\" data-id=\"cef2c3d\" data-element_type=\"container\">\n\t\t\t\t<div class=\"elementor-element elementor-element-09daa57 elementor-widget elementor-widget-image\" data-id=\"09daa57\" data-element_type=\"widget\" data-widget_type=\"image.default\">\n\t\t\t\t<div class=\"elementor-widget-container\">\n\t\t\t\t\t\t\t\t\t\t\t\t\t\t\t<img fetchpriority=\"high\" decoding=\"async\" width=\"1054\" height=\"1054\" src=\"https:\/\/coandclo.com\/wp-content\/uploads\/2025\/05\/sandales-tressees-2.webp\" class=\"attachment-full size-full wp-image-12988\" alt=\"\" srcset=\"https:\/\/coandclo.com\/wp-content\/uploads\/2025\/05\/sandales-tressees-2.webp 1054w, https:\/\/coandclo.com\/wp-content\/uploads\/2025\/05\/sandales-tressees-2-300x300.webp 300w, https:\/\/coandclo.com\/wp-content\/uploads\/2025\/05\/sandales-tressees-2-1024x1024.webp 1024w, https:\/\/coandclo.com\/wp-content\/uploads\/2025\/05\/sandales-tressees-2-150x150.webp 150w, https:\/\/coandclo.com\/wp-content\/uploads\/2025\/05\/sandales-tressees-2-768x768.webp 768w, https:\/\/coandclo.com\/wp-content\/uploads\/2025\/05\/sandales-tressees-2-600x600.webp 600w\" sizes=\"(max-width: 1054px) 100vw, 1054px\" \/>\t\t\t\t\t\t\t\t\t\t\t\t\t\t\t<\/div>\n\t\t\t\t<\/div>\n\t\t\t\t<div class=\"elementor-element elementor-element-2e24b7d elementor-widget elementor-widget-heading\" data-id=\"2e24b7d\" data-element_type=\"widget\" data-widget_type=\"heading.default\">\n\t\t\t\t<div class=\"elementor-widget-container\">\n\t\t\t\t\t<h2 class=\"elementor-heading-title elementor-size-default\">SANDALES TRESS\u00c9ES<\/h2>\t\t\t\t<\/div>\n\t\t\t\t<\/div>\n\t\t\t\t<div class=\"elementor-element elementor-element-1ce9207 elementor-widget elementor-widget-heading\" data-id=\"1ce9207\" data-element_type=\"widget\" data-widget_type=\"heading.default\">\n\t\t\t\t<div class=\"elementor-widget-container\">\n\t\t\t\t\t<h2 class=\"elementor-heading-title elementor-size-default\">20 000 FCFA<\/h2>\t\t\t\t<\/div>\n\t\t\t\t<\/div>\n\t\t\t\t<\/div>\n\t\t<div class=\"elementor-element elementor-element-0c38c87 e-con-full e-flex e-con e-child\" data-id=\"0c38c87\" data-element_type=\"container\">\n\t\t\t\t<div class=\"elementor-element elementor-element-68ecc6f elementor-widget elementor-widget-image\" data-id=\"68ecc6f\" data-element_type=\"widget\" data-widget_type=\"image.default\">\n\t\t\t\t<div class=\"elementor-widget-container\">\n\t\t\t\t\t\t\t\t\t\t\t\t\t\t\t<img decoding=\"async\" width=\"2085\" height=\"2085\" src=\"https:\/\/coandclo.com\/wp-content\/uploads\/2025\/05\/sandales-classiques-2.webp\" class=\"attachment-full size-full wp-image-12987\" alt=\"\" srcset=\"https:\/\/coandclo.com\/wp-content\/uploads\/2025\/05\/sandales-classiques-2.webp 2085w, https:\/\/coandclo.com\/wp-content\/uploads\/2025\/05\/sandales-classiques-2-300x300.webp 300w, https:\/\/coandclo.com\/wp-content\/uploads\/2025\/05\/sandales-classiques-2-1024x1024.webp 1024w, https:\/\/coandclo.com\/wp-content\/uploads\/2025\/05\/sandales-classiques-2-150x150.webp 150w, https:\/\/coandclo.com\/wp-content\/uploads\/2025\/05\/sandales-classiques-2-768x768.webp 768w, https:\/\/coandclo.com\/wp-content\/uploads\/2025\/05\/sandales-classiques-2-1536x1536.webp 1536w, https:\/\/coandclo.com\/wp-content\/uploads\/2025\/05\/sandales-classiques-2-2048x2048.webp 2048w, https:\/\/coandclo.com\/wp-content\/uploads\/2025\/05\/sandales-classiques-2-600x600.webp 600w\" sizes=\"(max-width: 2085px) 100vw, 2085px\" \/>\t\t\t\t\t\t\t\t\t\t\t\t\t\t\t<\/div>\n\t\t\t\t<\/div>\n\t\t\t\t<div class=\"elementor-element elementor-element-d788bb6 elementor-widget elementor-widget-heading\" data-id=\"d788bb6\" data-element_type=\"widget\" data-widget_type=\"heading.default\">\n\t\t\t\t<div class=\"elementor-widget-container\">\n\t\t\t\t\t<h2 class=\"elementor-heading-title elementor-size-default\">SANDALES CLASSIQUES<\/h2>\t\t\t\t<\/div>\n\t\t\t\t<\/div>\n\t\t\t\t<div class=\"elementor-element elementor-element-a23d103 elementor-widget elementor-widget-heading\" data-id=\"a23d103\" data-element_type=\"widget\" data-widget_type=\"heading.default\">\n\t\t\t\t<div class=\"elementor-widget-container\">\n\t\t\t\t\t<h2 class=\"elementor-heading-title elementor-size-default\">15 000 FCFA<\/h2>\t\t\t\t<\/div>\n\t\t\t\t<\/div>\n\t\t\t\t<\/div>\n\t\t<div class=\"elementor-element elementor-element-b0e0ad8 e-con-full e-flex e-con e-child\" data-id=\"b0e0ad8\" data-element_type=\"container\">\n\t\t\t\t<div class=\"elementor-element elementor-element-ebf193f elementor-widget elementor-widget-image\" data-id=\"ebf193f\" data-element_type=\"widget\" data-widget_type=\"image.default\">\n\t\t\t\t<div class=\"elementor-widget-container\">\n\t\t\t\t\t\t\t\t\t\t\t\t\t\t\t<img decoding=\"async\" width=\"960\" height=\"960\" src=\"https:\/\/coandclo.com\/wp-content\/uploads\/2025\/05\/sandales-en-soies-2.webp\" class=\"attachment-large size-large wp-image-12989\" alt=\"\" srcset=\"https:\/\/coandclo.com\/wp-content\/uploads\/2025\/05\/sandales-en-soies-2.webp 960w, https:\/\/coandclo.com\/wp-content\/uploads\/2025\/05\/sandales-en-soies-2-300x300.webp 300w, https:\/\/coandclo.com\/wp-content\/uploads\/2025\/05\/sandales-en-soies-2-150x150.webp 150w, https:\/\/coandclo.com\/wp-content\/uploads\/2025\/05\/sandales-en-soies-2-768x768.webp 768w, https:\/\/coandclo.com\/wp-content\/uploads\/2025\/05\/sandales-en-soies-2-600x600.webp 600w\" sizes=\"(max-width: 960px) 100vw, 960px\" \/>\t\t\t\t\t\t\t\t\t\t\t\t\t\t\t<\/div>\n\t\t\t\t<\/div>\n\t\t\t\t<div class=\"elementor-element elementor-element-43a3c83 elementor-widget elementor-widget-heading\" data-id=\"43a3c83\" data-element_type=\"widget\" data-widget_type=\"heading.default\">\n\t\t\t\t<div class=\"elementor-widget-container\">\n\t\t\t\t\t<h2 class=\"elementor-heading-title elementor-size-default\">SANDALES EN SOIES<\/h2>\t\t\t\t<\/div>\n\t\t\t\t<\/div>\n\t\t\t\t<div class=\"elementor-element elementor-element-f1d3f4b elementor-widget elementor-widget-heading\" data-id=\"f1d3f4b\" data-element_type=\"widget\" data-widget_type=\"heading.default\">\n\t\t\t\t<div class=\"elementor-widget-container\">\n\t\t\t\t\t<h2 class=\"elementor-heading-title elementor-size-default\">15 000 FCFA<\/h2>\t\t\t\t<\/div>\n\t\t\t\t<\/div>\n\t\t\t\t<\/div>\n\t\t\t\t\t<\/div>\n\t\t\t\t<\/div>\n\t\t<div class=\"elementor-element elementor-element-66b605e e-flex e-con-boxed e-con e-parent\" data-id=\"66b605e\" data-element_type=\"container\">\n\t\t\t\t\t<div class=\"e-con-inner\">\n\t\t\t\t<div class=\"elementor-element elementor-element-85917e8 elementor-widget elementor-widget-haru-button\" data-id=\"85917e8\" data-element_type=\"widget\" data-widget_type=\"haru-button.default\">\n\t\t\t\t<div class=\"elementor-widget-container\">\n\t\t\t\t\t\n        \t<div class=\"haru-button-wrap\">\n        \t\t<a class=\"haru-button--has-icon haru-button elementor-button1 haru-button--style-1 haru-button--bg-primary haru-button--size-large haru-button--round-normal elementor-button-link1 haru-button-link\" role=\"button\" href=\"#\">\n        \t\t\t\t\t\t<span class=\"elementor-button-content-wrapper1 haru-button-content-wrapper\">\n\t\t\t\t\t\t\t\t<span class=\"haru-button-icon haru-align-icon-right\">\n\t\t\t\t\t<i aria-hidden=\"true\" class=\"phosphor phosphor-caret-right\"><\/i>\t\t\t\t<\/span>\n\t\t\t\t\t\t\t\t<span class=\"elementor-button-text1 haru-button-text\">SHOPPING<\/span>\n\t\t\t<\/span>\n\t\t\t    \t\t\t<\/a>\n    \t\t<\/div>\n\n    \t\t\t\t\t\t<\/div>\n\t\t\t\t<\/div>\n\t\t\t\t\t<\/div>\n\t\t\t\t<\/div>\n\t\t\t\t<\/div>","protected":false},"excerpt":{"rendered":"<p>A propos de nous Cr\u00e9\u00e9e en 2019, Co &amp; Clo est bien plus qu\u2019une marque de chaussures et d\u2019accessoires : c\u2019est une fusion audacieuse entre modernit\u00e9 et h\u00e9ritage africain, une invitation \u00e0 porter fi\u00e8rement son identit\u00e9 \u00e0 travers des cr\u00e9ations originales et raffin\u00e9es.Chaque pi\u00e8ce est con\u00e7ue et fabriqu\u00e9e avec soin en C\u00f4te d\u2019Ivoire, dans une [&hellip;]<\/p>","protected":false},"author":1,"featured_media":0,"parent":0,"menu_order":0,"comment_status":"closed","ping_status":"closed","template":"","meta":{"footnotes":""},"class_list":["post-13276","page","type-page","status-publish","hentry"],"_links":{"self":[{"href":"https:\/\/coandclo.com\/en\/wp-json\/wp\/v2\/pages\/13276","targetHints":{"allow":["GET"]}}],"collection":[{"href":"https:\/\/coandclo.com\/en\/wp-json\/wp\/v2\/pages"}],"about":[{"href":"https:\/\/coandclo.com\/en\/wp-json\/wp\/v2\/types\/page"}],"author":[{"embeddable":true,"href":"https:\/\/coandclo.com\/en\/wp-json\/wp\/v2\/users\/1"}],"replies":[{"embeddable":true,"href":"https:\/\/coandclo.com\/en\/wp-json\/wp\/v2\/comments?post=13276"}],"version-history":[{"count":127,"href":"https:\/\/coandclo.com\/en\/wp-json\/wp\/v2\/pages\/13276\/revisions"}],"predecessor-version":[{"id":13414,"href":"https:\/\/coandclo.com\/en\/wp-json\/wp\/v2\/pages\/13276\/revisions\/13414"}],"wp:attachment":[{"href":"https:\/\/coandclo.com\/en\/wp-json\/wp\/v2\/media?parent=13276"}],"curies":[{"name":"wp","href":"https:\/\/api.w.org\/{rel}","templated":true}]}}