{"id":13250,"date":"2025-10-03T12:02:16","date_gmt":"2025-10-03T10:02:16","guid":{"rendered":"https:\/\/coandclo.com\/?page_id=13250"},"modified":"2025-10-03T12:24:03","modified_gmt":"2025-10-03T10:24:03","slug":"partenariats","status":"publish","type":"page","link":"https:\/\/coandclo.com\/en\/partenariats\/","title":{"rendered":"Partenariats"},"content":{"rendered":"<div data-elementor-type=\"wp-page\" data-elementor-id=\"13250\" class=\"elementor elementor-13250\">\n\t\t\t\t<div class=\"elementor-element elementor-element-ad549f6 e-flex e-con-boxed e-con e-parent\" data-id=\"ad549f6\" data-element_type=\"container\">\n\t\t\t\t\t<div class=\"e-con-inner\">\n\t\t<div class=\"elementor-element elementor-element-f642275 e-con-full e-flex e-con e-child\" data-id=\"f642275\" data-element_type=\"container\">\n\t\t\t\t<div class=\"elementor-element elementor-element-f810cb4 elementor-widget elementor-widget-haru-heading\" data-id=\"f810cb4\" data-element_type=\"widget\" data-widget_type=\"haru-heading.default\">\n\t\t\t\t<div class=\"elementor-widget-container\">\n\t\t\t\t\t<h2 class=\"haru-heading-title haru-heading-title--heading-2\">Partenariats<\/h2>\t\t\t\t<\/div>\n\t\t\t\t<\/div>\n\t\t\t\t<\/div>\n\t\t\t\t\t<\/div>\n\t\t\t\t<\/div>\n\t\t<div class=\"elementor-element elementor-element-e34aac0 e-flex e-con-boxed e-con e-parent\" data-id=\"e34aac0\" data-element_type=\"container\" data-settings=\"{&quot;background_background&quot;:&quot;classic&quot;}\">\n\t\t\t\t\t<div class=\"e-con-inner\">\n\t\t\t\t<div class=\"elementor-element elementor-element-b9d552c elementor-widget__width-inherit elementor-absolute elementor-widget elementor-widget-haru-background-creative\" data-id=\"b9d552c\" data-element_type=\"widget\" data-settings=\"{&quot;_position&quot;:&quot;absolute&quot;}\" data-widget_type=\"haru-background-creative.default\">\n\t\t\t\t<div class=\"elementor-widget-container\">\n\t\t\t\t\t\n        \t\t        \t<div id=\"haru-background-creative-b9d552c\" class=\"haru-background-creative haru-background-creative--style-1\">\n\t        \t\t\t\t\t<div class=\"haru-background-creative__list haru-slick\" data-slick='{\"slidesToShow\" : 1, \"slidesToScroll\" : 1, \"arrows\" : false, \"infinite\" : true, \"centerMode\" : false, \"focusOnSelect\" : true, \"fade\": true, \"vertical\" : false, \"pauseOnHover\": false, \"pauseOnFocus\": false, \"autoplay\": true, \"autoplaySpeed\": 4000 }'>\n\t\t\t\t\t<div class=\"haru-background-creative__item\" style=\"background-color: #F7F6F1\">\n\t      \t<\/div>\n\t\t\t\t\t<div class=\"haru-background-creative__item\" style=\"background-color: #EFE9E7\">\n\t      \t<\/div>\n\t\t\t\t\t<div class=\"haru-background-creative__item\" style=\"background-color: #F7F6F1\">\n\t      \t<\/div>\n\t\t\t\t<\/div>\n\n\t\t    \t\t<\/div>\n    \t\t\n    \t\t\t\t\t\t<\/div>\n\t\t\t\t<\/div>\n\t\t<div class=\"elementor-element elementor-element-3f62de0 e-con-full e-flex e-con e-child\" data-id=\"3f62de0\" data-element_type=\"container\">\n\t\t\t\t<div class=\"elementor-element elementor-element-dd6a8f0 elementor-widget elementor-widget-haru-content-slideshow\" data-id=\"dd6a8f0\" data-element_type=\"widget\" data-widget_type=\"haru-content-slideshow.default\">\n\t\t\t\t<div class=\"elementor-widget-container\">\n\t\t\t\t\t\n        \t\t        \t<div class=\"haru-content-slideshow haru-content-slideshow--slick\">\n\t        \t\t\n\t\t<ul class=\"haru-content-slideshow__list haru-slick haru-slick--nav-opacity haru-slick--nav-center haru-slick--dots-round\" data-slick='{\"slidesToShow\" : 1, \"slidesToScroll\" : 1, \"fade\": true, \"infinite\": true, \"arrows\" : false, \"dots\" : false, \"infinite\" : true, \"pauseOnHover\": false, \"pauseOnFocus\": false, \"centerMode\" : false, \"focusOnSelect\" : true, \"vertical\" : false, \"autoplay\": true, \"autoplaySpeed\": 4000, \"responsive\" : [{\"breakpoint\" : 991,\"settings\" : {\"slidesToShow\" : 1, \"slidesToScroll\" : 1}}, {\"breakpoint\" : 767,\"settings\" : {\"slidesToShow\" : 1, \"slidesToScroll\" : 1}}] }'>\n\t\t\t\t\t<li class=\"haru-content-slideshow__item\">\n\t\t\t\t                    <div class=\"haru-content-slideshow__image\">\n\t      \t\t\t\t<img decoding=\"async\" src=\"https:\/\/coandclo.com\/wp-content\/uploads\/2025\/10\/bg_haut-scaled-e1759487018638.webp\" alt=\"Image #1\">\n\t\t      \t\t<\/div>\n                \t\t\t<\/li>\n\t\t\t<\/ul>\n\t\n\t\t    \t\t<\/div>\n    \t\t\n    \t\t\t\t\t\t<\/div>\n\t\t\t\t<\/div>\n\t\t\t\t<\/div>\n\t\t<div class=\"elementor-element elementor-element-62e3527 e-con-full e-flex e-con e-child\" data-id=\"62e3527\" data-element_type=\"container\">\n\t\t\t\t<div class=\"elementor-element elementor-element-c421be3 elementor-widget elementor-widget-heading\" data-id=\"c421be3\" data-element_type=\"widget\" data-widget_type=\"heading.default\">\n\t\t\t\t<div class=\"elementor-widget-container\">\n\t\t\t\t\t<h2 class=\"elementor-heading-title elementor-size-default\">PARTENARIAT ET COLLABORATION<\/h2>\t\t\t\t<\/div>\n\t\t\t\t<\/div>\n\t\t\t\t<div class=\"elementor-element elementor-element-8ad3008 elementor-widget elementor-widget-text-editor\" data-id=\"8ad3008\" data-element_type=\"widget\" data-widget_type=\"text-editor.default\">\n\t\t\t\t<div class=\"elementor-widget-container\">\n\t\t\t\t\t\t\t\t\t<p>Vous \u00eates passionn\u00e9(e) par la mode, l\u2019artisanat ou les valeurs que nous portons ?<\/p>\t\t\t\t\t\t\t\t<\/div>\n\t\t\t\t<\/div>\n\t\t\t\t<div class=\"elementor-element elementor-element-8167976 elementor-widget elementor-widget-text-editor\" data-id=\"8167976\" data-element_type=\"widget\" data-widget_type=\"text-editor.default\">\n\t\t\t\t<div class=\"elementor-widget-container\">\n\t\t\t\t\t\t\t\t\t<p>Nos muses sont des <strong style=\"font-weight: 800;\">leaders, des cr\u00e9atives, des entrepreneures<\/strong>, des femmes qui osent s\u2019affirmer \u00e0 travers leur style.<br \/>Pour elles, la mode n\u2019est pas juste une question de tendances, mais un <strong style=\"font-weight: 800;\">moyen d\u2019expression<\/strong>, un hommage \u00e0 leurs racines et \u00e0 leur force int\u00e9rieure.<\/p>\t\t\t\t\t\t\t\t<\/div>\n\t\t\t\t<\/div>\n\t\t\t\t<div class=\"elementor-element elementor-element-bfb5d16 elementor-widget elementor-widget-text-editor\" data-id=\"bfb5d16\" data-element_type=\"widget\" data-widget_type=\"text-editor.default\">\n\t\t\t\t<div class=\"elementor-widget-container\">\n\t\t\t\t\t\t\t\t\t<p>Nous sommes toujours \u00e0 l\u2019\u00e9coute de nouvelles synergies et ouverts \u00e0 des projets enrichissants, en accord avec notre univers et notre vision.<\/p>\t\t\t\t\t\t\t\t<\/div>\n\t\t\t\t<\/div>\n\t\t\t\t<div class=\"elementor-element elementor-element-2c9ae17 elementor-widget elementor-widget-text-editor\" data-id=\"2c9ae17\" data-element_type=\"widget\" data-widget_type=\"text-editor.default\">\n\t\t\t\t<div class=\"elementor-widget-container\">\n\t\t\t\t\t\t\t\t\t<p>Faisons rayonner ensemble l\u2019\u00e9l\u00e9gance et le savoir-faire africain.<\/p>\t\t\t\t\t\t\t\t<\/div>\n\t\t\t\t<\/div>\n\t\t\t\t<\/div>\n\t\t\t\t\t<\/div>\n\t\t\t\t<\/div>\n\t\t<div class=\"elementor-element elementor-element-55c5cec e-flex e-con-boxed e-con e-parent\" data-id=\"55c5cec\" data-element_type=\"container\" data-settings=\"{&quot;background_background&quot;:&quot;classic&quot;}\">\n\t\t\t\t\t<div class=\"e-con-inner\">\n\t\t<div class=\"elementor-element elementor-element-875c73c e-con-full e-flex e-con e-child\" data-id=\"875c73c\" data-element_type=\"container\" data-settings=\"{&quot;background_background&quot;:&quot;classic&quot;}\">\n\t\t<div class=\"elementor-element elementor-element-30626f4 e-con-full e-flex e-con e-child\" data-id=\"30626f4\" data-element_type=\"container\" data-settings=\"{&quot;background_background&quot;:&quot;classic&quot;}\">\n\t\t\t\t<div class=\"elementor-element elementor-element-067cc56 elementor-widget elementor-widget-text-editor\" data-id=\"067cc56\" data-element_type=\"widget\" data-widget_type=\"text-editor.default\">\n\t\t\t\t<div class=\"elementor-widget-container\">\n\t\t\t\t\t\t\t\t\t<p>+225 07 87 31 56 55<\/p>\t\t\t\t\t\t\t\t<\/div>\n\t\t\t\t<\/div>\n\t\t\t\t<div class=\"elementor-element elementor-element-3c89ec1 elementor-widget elementor-widget-text-editor\" data-id=\"3c89ec1\" data-element_type=\"widget\" data-widget_type=\"text-editor.default\">\n\t\t\t\t<div class=\"elementor-widget-container\">\n\t\t\t\t\t\t\t\t\t<p>coandclo1@gmail.com<\/p>\t\t\t\t\t\t\t\t<\/div>\n\t\t\t\t<\/div>\n\t\t\t\t<div class=\"elementor-element elementor-element-1fdfd64 elementor-widget elementor-widget-text-editor\" data-id=\"1fdfd64\" data-element_type=\"widget\" data-widget_type=\"text-editor.default\">\n\t\t\t\t<div class=\"elementor-widget-container\">\n\t\t\t\t\t\t\t\t\t<p>info@coandclo.com<\/p>\t\t\t\t\t\t\t\t<\/div>\n\t\t\t\t<\/div>\n\t\t\t\t<\/div>\n\t\t<div class=\"elementor-element elementor-element-761852a e-con-full e-flex e-con e-child\" data-id=\"761852a\" data-element_type=\"container\" data-settings=\"{&quot;background_background&quot;:&quot;classic&quot;}\">\n\t\t\t\t<div class=\"elementor-element elementor-element-1661a6f elementor-widget elementor-widget-haru-heading\" data-id=\"1661a6f\" data-element_type=\"widget\" data-widget_type=\"haru-heading.default\">\n\t\t\t\t<div class=\"elementor-widget-container\">\n\t\t\t\t\t<h4 class=\"haru-heading-title haru-heading-title--heading-3\">Formulaire de contact<\/h4>\t\t\t\t<\/div>\n\t\t\t\t<\/div>\n\t\t\t\t<div class=\"elementor-element elementor-element-70e7042 elementor-widget elementor-widget-shortcode\" data-id=\"70e7042\" data-element_type=\"widget\" data-widget_type=\"shortcode.default\">\n\t\t\t\t<div class=\"elementor-widget-container\">\n\t\t\t\t\t\t\t<div class=\"elementor-shortcode\">\n<div class=\"wpcf7 no-js\" id=\"wpcf7-f1369-o1\" lang=\"en-US\" dir=\"ltr\" data-wpcf7-id=\"1369\">\n<div class=\"screen-reader-response\"><p role=\"status\" aria-live=\"polite\" aria-atomic=\"true\"><\/p> <ul><\/ul><\/div>\n<form action=\"\/en\/wp-json\/wp\/v2\/pages\/13250#wpcf7-f1369-o1\" method=\"post\" class=\"wpcf7-form init\" aria-label=\"Contact form\" novalidate=\"novalidate\" data-status=\"init\" data-trp-original-action=\"\/en\/wp-json\/wp\/v2\/pages\/13250#wpcf7-f1369-o1\">\n<div style=\"display: none;\">\n<input type=\"hidden\" name=\"_wpcf7\" value=\"1369\" \/>\n<input type=\"hidden\" name=\"_wpcf7_version\" value=\"6.0.6\" \/>\n<input type=\"hidden\" name=\"_wpcf7_locale\" value=\"en_US\" \/>\n<input type=\"hidden\" name=\"_wpcf7_unit_tag\" value=\"wpcf7-f1369-o1\" \/>\n<input type=\"hidden\" name=\"_wpcf7_container_post\" value=\"0\" \/>\n<input type=\"hidden\" name=\"_wpcf7_posted_data_hash\" value=\"\" \/>\n<\/div>\n<div class=\"contact-form\">\n\n<div class=\"contact-form__row contact-form__row--cols-2\">\n    <div class=\"contact-form__col\">\n        <div class=\"contact-form__input\"><span class=\"wpcf7-form-control-wrap\" data-name=\"first-name\"><input size=\"40\" maxlength=\"400\" class=\"wpcf7-form-control wpcf7-text wpcf7-validates-as-required\" aria-required=\"true\" aria-invalid=\"false\" placeholder=\"Nom &amp; Pr\u00e9noms\" value=\"\" type=\"text\" name=\"first-name\" \/><\/span><\/div>\n    <\/div>\n    <div class=\"contact-form__col\">\n        <div class=\"contact-form__input\"><span class=\"wpcf7-form-control-wrap\" data-name=\"email\"><input size=\"40\" maxlength=\"400\" class=\"wpcf7-form-control wpcf7-email wpcf7-text wpcf7-validates-as-email\" aria-invalid=\"false\" placeholder=\"Adresse email\" value=\"\" type=\"email\" name=\"email\" \/><\/span><\/div>\n    <\/div>\n<\/div>\n\n<div class=\"contact-form__row\">\n    <div class=\"contact-form__input\"><span class=\"wpcf7-form-control-wrap\" data-name=\"tel\"><input size=\"40\" maxlength=\"400\" class=\"wpcf7-form-control wpcf7-tel wpcf7-validates-as-required wpcf7-text wpcf7-validates-as-tel\" aria-required=\"true\" aria-invalid=\"false\" placeholder=\"Num\u00e9ro de t\u00e9l\u00e9phone (avec indicatif)\" value=\"\" type=\"tel\" name=\"tel\" \/><\/span><\/div>\n<\/div>\n\n<div class=\"contact-form__row\">\n    <div class=\"contact-form__input contact-form__message\"><span class=\"wpcf7-form-control-wrap\" data-name=\"message\"><textarea cols=\"40\" rows=\"10\" maxlength=\"2000\" class=\"wpcf7-form-control wpcf7-textarea wpcf7-validates-as-required\" aria-required=\"true\" aria-invalid=\"false\" placeholder=\"Message\" name=\"message\"><\/textarea><\/span><\/div>\n<\/div>\n\n<div class=\"contact-form__row contact-form__row--submit\">\n    <div class=\"contact-form__submit contact-form__submit--center\">\n    <input class=\"wpcf7-form-control wpcf7-submit has-spinner\" type=\"submit\" value=\"Envoyer message\" \/>\n    <\/div>\n<\/div>\n\n<\/div><div class=\"wpcf7-response-output\" aria-hidden=\"true\"><\/div>\n<input type=\"hidden\" name=\"trp-form-language\" value=\"en\"\/><\/form>\n<\/div>\n<\/div>\n\t\t\t\t\t\t<\/div>\n\t\t\t\t<\/div>\n\t\t\t\t<\/div>\n\t\t\t\t<\/div>\n\t\t\t\t\t<\/div>\n\t\t\t\t<\/div>\n\t\t\t\t<\/div>","protected":false},"excerpt":{"rendered":"<p>Partenariats PARTENARIAT ET COLLABORATION Vous \u00eates passionn\u00e9(e) par la mode, l\u2019artisanat ou les valeurs que nous portons ? Nos muses sont des leaders, des cr\u00e9atives, des entrepreneures, des femmes qui osent s\u2019affirmer \u00e0 travers leur style.Pour elles, la mode n\u2019est pas juste une question de tendances, mais un moyen d\u2019expression, un hommage \u00e0 leurs racines [&hellip;]<\/p>","protected":false},"author":1,"featured_media":0,"parent":0,"menu_order":0,"comment_status":"closed","ping_status":"closed","template":"","meta":{"footnotes":""},"class_list":["post-13250","page","type-page","status-publish","hentry"],"_links":{"self":[{"href":"https:\/\/coandclo.com\/en\/wp-json\/wp\/v2\/pages\/13250","targetHints":{"allow":["GET"]}}],"collection":[{"href":"https:\/\/coandclo.com\/en\/wp-json\/wp\/v2\/pages"}],"about":[{"href":"https:\/\/coandclo.com\/en\/wp-json\/wp\/v2\/types\/page"}],"author":[{"embeddable":true,"href":"https:\/\/coandclo.com\/en\/wp-json\/wp\/v2\/users\/1"}],"replies":[{"embeddable":true,"href":"https:\/\/coandclo.com\/en\/wp-json\/wp\/v2\/comments?post=13250"}],"version-history":[{"count":22,"href":"https:\/\/coandclo.com\/en\/wp-json\/wp\/v2\/pages\/13250\/revisions"}],"predecessor-version":[{"id":13275,"href":"https:\/\/coandclo.com\/en\/wp-json\/wp\/v2\/pages\/13250\/revisions\/13275"}],"wp:attachment":[{"href":"https:\/\/coandclo.com\/en\/wp-json\/wp\/v2\/media?parent=13250"}],"curies":[{"name":"wp","href":"https:\/\/api.w.org\/{rel}","templated":true}]}}