{"id":13237,"date":"2025-10-02T17:42:13","date_gmt":"2025-10-02T15:42:13","guid":{"rendered":"https:\/\/coandclo.com\/?page_id=13237"},"modified":"2025-10-02T17:48:45","modified_gmt":"2025-10-02T15:48:45","slug":"politique-sur-les-cookies","status":"publish","type":"page","link":"https:\/\/coandclo.com\/en\/politique-sur-les-cookies\/","title":{"rendered":"Politique sur les cookies"},"content":{"rendered":"<div data-elementor-type=\"wp-page\" data-elementor-id=\"13237\" class=\"elementor elementor-13237\">\n\t\t\t\t<div class=\"elementor-element elementor-element-ad549f6 e-flex e-con-boxed e-con e-parent\" data-id=\"ad549f6\" data-element_type=\"container\">\n\t\t\t\t\t<div class=\"e-con-inner\">\n\t\t<div class=\"elementor-element elementor-element-f642275 e-con-full e-flex e-con e-child\" data-id=\"f642275\" data-element_type=\"container\">\n\t\t\t\t<div class=\"elementor-element elementor-element-f810cb4 elementor-widget elementor-widget-haru-heading\" data-id=\"f810cb4\" data-element_type=\"widget\" data-widget_type=\"haru-heading.default\">\n\t\t\t\t<div class=\"elementor-widget-container\">\n\t\t\t\t\t<h2 class=\"haru-heading-title haru-heading-title--heading-2\">Politique sur les cookies<\/h2>\t\t\t\t<\/div>\n\t\t\t\t<\/div>\n\t\t\t\t<\/div>\n\t\t\t\t\t<\/div>\n\t\t\t\t<\/div>\n\t\t<div class=\"elementor-element elementor-element-5f1aaba e-flex e-con-boxed e-con e-parent\" data-id=\"5f1aaba\" data-element_type=\"container\" data-settings=\"{&quot;background_background&quot;:&quot;classic&quot;}\">\n\t\t\t\t\t<div class=\"e-con-inner\">\n\t\t\t\t<div class=\"elementor-element elementor-element-38a1dfd elementor-widget elementor-widget-text-editor\" data-id=\"38a1dfd\" data-element_type=\"widget\" data-widget_type=\"text-editor.default\">\n\t\t\t\t<div class=\"elementor-widget-container\">\n\t\t\t\t\t\t\t\t\tLe site\u00a0<a style=\"font-weight: 600; color: blue;\" href=\"https:\/\/coandclo.com\/en\/\" target=\"_blank\" rel=\"noopener\">www.coandclo.com<\/a>\u00a0utilise des\u00a0<b style=\"font-weight: 600;\">cookies<\/b>\u00a0afin d\u2019am\u00e9liorer votre exp\u00e9rience de navigation, analyser le trafic et personnaliser le contenu.\t\t\t\t\t\t\t\t<\/div>\n\t\t\t\t<\/div>\n\t\t\t\t<div class=\"elementor-element elementor-element-7aa756a elementor-widget elementor-widget-text-editor\" data-id=\"7aa756a\" data-element_type=\"widget\" data-widget_type=\"text-editor.default\">\n\t\t\t\t<div class=\"elementor-widget-container\">\n\t\t\t\t\t\t\t\t\t<p>Les cookies permettent par exemple de m\u00e9moriser votre panier ou vos pr\u00e9f\u00e9rences linguistiques. Vous pouvez \u00e0 tout moment refuser ou modifier l\u2019utilisation des cookies dans les param\u00e8tres de votre navigateur.<\/p>\t\t\t\t\t\t\t\t<\/div>\n\t\t\t\t<\/div>\n\t\t\t\t<div class=\"elementor-element elementor-element-de06a8c elementor-widget elementor-widget-text-editor\" data-id=\"de06a8c\" data-element_type=\"widget\" data-widget_type=\"text-editor.default\">\n\t\t\t\t<div class=\"elementor-widget-container\">\n\t\t\t\t\t\t\t\t\t<div><div><p>En continuant \u00e0 naviguer sur notre site, vous consentez \u00e0 l\u2019utilisation de ces cookies conform\u00e9ment \u00e0 notre politique.<\/p><\/div><\/div>\t\t\t\t\t\t\t\t<\/div>\n\t\t\t\t<\/div>\n\t\t\t\t\t<\/div>\n\t\t\t\t<\/div>\n\t\t\t\t<\/div>","protected":false},"excerpt":{"rendered":"<p>Politique sur les cookies Le site\u00a0www.coandclo.com\u00a0utilise des\u00a0cookies\u00a0afin d\u2019am\u00e9liorer votre exp\u00e9rience de navigation, analyser le trafic et personnaliser le contenu. Les cookies permettent par exemple de m\u00e9moriser votre panier ou vos pr\u00e9f\u00e9rences linguistiques. Vous pouvez \u00e0 tout moment refuser ou modifier l\u2019utilisation des cookies dans les param\u00e8tres de votre navigateur. En continuant \u00e0 naviguer sur notre [&hellip;]<\/p>","protected":false},"author":1,"featured_media":0,"parent":0,"menu_order":0,"comment_status":"closed","ping_status":"closed","template":"","meta":{"footnotes":""},"class_list":["post-13237","page","type-page","status-publish","hentry"],"_links":{"self":[{"href":"https:\/\/coandclo.com\/en\/wp-json\/wp\/v2\/pages\/13237","targetHints":{"allow":["GET"]}}],"collection":[{"href":"https:\/\/coandclo.com\/en\/wp-json\/wp\/v2\/pages"}],"about":[{"href":"https:\/\/coandclo.com\/en\/wp-json\/wp\/v2\/types\/page"}],"author":[{"embeddable":true,"href":"https:\/\/coandclo.com\/en\/wp-json\/wp\/v2\/users\/1"}],"replies":[{"embeddable":true,"href":"https:\/\/coandclo.com\/en\/wp-json\/wp\/v2\/comments?post=13237"}],"version-history":[{"count":10,"href":"https:\/\/coandclo.com\/en\/wp-json\/wp\/v2\/pages\/13237\/revisions"}],"predecessor-version":[{"id":13249,"href":"https:\/\/coandclo.com\/en\/wp-json\/wp\/v2\/pages\/13237\/revisions\/13249"}],"wp:attachment":[{"href":"https:\/\/coandclo.com\/en\/wp-json\/wp\/v2\/media?parent=13237"}],"curies":[{"name":"wp","href":"https:\/\/api.w.org\/{rel}","templated":true}]}}