{"id":13222,"date":"2025-10-02T17:26:56","date_gmt":"2025-10-02T15:26:56","guid":{"rendered":"https:\/\/coandclo.com\/?page_id=13222"},"modified":"2025-10-02T17:36:31","modified_gmt":"2025-10-02T15:36:31","slug":"conditions-generales-dutilisation-cgu","status":"publish","type":"page","link":"https:\/\/coandclo.com\/en\/conditions-generales-dutilisation-cgu\/","title":{"rendered":"Conditions g\u00e9n\u00e9rales d\u2019utilisation (CGU)"},"content":{"rendered":"<div data-elementor-type=\"wp-page\" data-elementor-id=\"13222\" class=\"elementor elementor-13222\">\n\t\t\t\t<div class=\"elementor-element elementor-element-ad549f6 e-flex e-con-boxed e-con e-parent\" data-id=\"ad549f6\" data-element_type=\"container\">\n\t\t\t\t\t<div class=\"e-con-inner\">\n\t\t<div class=\"elementor-element elementor-element-f642275 e-con-full e-flex e-con e-child\" data-id=\"f642275\" data-element_type=\"container\">\n\t\t\t\t<div class=\"elementor-element elementor-element-f810cb4 elementor-widget elementor-widget-haru-heading\" data-id=\"f810cb4\" data-element_type=\"widget\" data-widget_type=\"haru-heading.default\">\n\t\t\t\t<div class=\"elementor-widget-container\">\n\t\t\t\t\t<h2 class=\"haru-heading-title haru-heading-title--heading-2\">Conditions g\u00e9n\u00e9rales d\u2019utilisation (CGU)<\/h2>\t\t\t\t<\/div>\n\t\t\t\t<\/div>\n\t\t\t\t<\/div>\n\t\t\t\t\t<\/div>\n\t\t\t\t<\/div>\n\t\t<div class=\"elementor-element elementor-element-5f1aaba e-flex e-con-boxed e-con e-parent\" data-id=\"5f1aaba\" data-element_type=\"container\" data-settings=\"{&quot;background_background&quot;:&quot;classic&quot;}\">\n\t\t\t\t\t<div class=\"e-con-inner\">\n\t\t\t\t<div class=\"elementor-element elementor-element-38a1dfd elementor-widget elementor-widget-text-editor\" data-id=\"38a1dfd\" data-element_type=\"widget\" data-widget_type=\"text-editor.default\">\n\t\t\t\t<div class=\"elementor-widget-container\">\n\t\t\t\t\t\t\t\t\t<p>En acc\u00e9dant au site <a style=\"font-weight: 600; color: blue;\" href=\"https:\/\/coandclo.com\/en\/\" target=\"_blank\" rel=\"noopener\">www.coandclo.com<\/a>, vous acceptez les pr\u00e9sentes <b style=\"font-weight: 600;\">Conditions G\u00e9n\u00e9rales d\u2019Utilisation.<\/b><\/p>\t\t\t\t\t\t\t\t<\/div>\n\t\t\t\t<\/div>\n\t\t\t\t<div class=\"elementor-element elementor-element-7aa756a elementor-widget elementor-widget-text-editor\" data-id=\"7aa756a\" data-element_type=\"widget\" data-widget_type=\"text-editor.default\">\n\t\t\t\t<div class=\"elementor-widget-container\">\n\t\t\t\t\t\t\t\t\t<ul>\n \t<li>Tous les contenus pr\u00e9sents sur le site (textes, images, logos, produits) sont la propri\u00e9t\u00e9 exclusive de\u00a0<b style=\"font-weight:600;><span class=\"il\">Co<\/span>\u00a0&amp;\u00a0<span class=\"il\">Clo<\/span><\/b>\u00a0et ne peuvent \u00eatre utilis\u00e9s sans autorisation.<\/li>\n \t<li>Le site ne peut \u00eatre utilis\u00e9 \u00e0 des fins ill\u00e9gales ou contraires aux lois en vigueur.<\/li>\n \t<li><span class=\"il\">Co<\/span>\u00a0&amp;\u00a0<span class=\"il\">Clo<\/span>\u00a0se r\u00e9serve le droit de modifier ou suspendre le site \u00e0 tout moment sans pr\u00e9avis.<\/li>\n \t<li>En passant commande, vous acceptez nos politiques de livraison, retour, et remboursement.<\/li>\n<\/ul>\t\t\t\t\t\t\t\t<\/div>\n\t\t\t\t<\/div>\n\t\t\t\t\t<\/div>\n\t\t\t\t<\/div>\n\t\t\t\t<\/div>","protected":false},"excerpt":{"rendered":"<p>Conditions g\u00e9n\u00e9rales d\u2019utilisation (CGU) En acc\u00e9dant au site www.coandclo.com, vous acceptez les pr\u00e9sentes Conditions G\u00e9n\u00e9rales d\u2019Utilisation. Tous les contenus pr\u00e9sents sur le site (textes, images, logos, produits) sont la propri\u00e9t\u00e9 exclusive de\u00a0<\/p>","protected":false},"author":1,"featured_media":0,"parent":0,"menu_order":0,"comment_status":"closed","ping_status":"closed","template":"","meta":{"footnotes":""},"class_list":["post-13222","page","type-page","status-publish","hentry"],"_links":{"self":[{"href":"https:\/\/coandclo.com\/en\/wp-json\/wp\/v2\/pages\/13222","targetHints":{"allow":["GET"]}}],"collection":[{"href":"https:\/\/coandclo.com\/en\/wp-json\/wp\/v2\/pages"}],"about":[{"href":"https:\/\/coandclo.com\/en\/wp-json\/wp\/v2\/types\/page"}],"author":[{"embeddable":true,"href":"https:\/\/coandclo.com\/en\/wp-json\/wp\/v2\/users\/1"}],"replies":[{"embeddable":true,"href":"https:\/\/coandclo.com\/en\/wp-json\/wp\/v2\/comments?post=13222"}],"version-history":[{"count":13,"href":"https:\/\/coandclo.com\/en\/wp-json\/wp\/v2\/pages\/13222\/revisions"}],"predecessor-version":[{"id":13236,"href":"https:\/\/coandclo.com\/en\/wp-json\/wp\/v2\/pages\/13222\/revisions\/13236"}],"wp:attachment":[{"href":"https:\/\/coandclo.com\/en\/wp-json\/wp\/v2\/media?parent=13222"}],"curies":[{"name":"wp","href":"https:\/\/api.w.org\/{rel}","templated":true}]}}