{"id":13207,"date":"2025-10-02T17:20:58","date_gmt":"2025-10-02T15:20:58","guid":{"rendered":"https:\/\/coandclo.com\/?page_id=13207"},"modified":"2025-10-02T17:25:28","modified_gmt":"2025-10-02T15:25:28","slug":"politique-de-remboursement","status":"publish","type":"page","link":"https:\/\/coandclo.com\/en\/politique-de-remboursement\/","title":{"rendered":"Politique de remboursement"},"content":{"rendered":"<div data-elementor-type=\"wp-page\" data-elementor-id=\"13207\" class=\"elementor elementor-13207\">\n\t\t\t\t<div class=\"elementor-element elementor-element-ad549f6 e-flex e-con-boxed e-con e-parent\" data-id=\"ad549f6\" data-element_type=\"container\">\n\t\t\t\t\t<div class=\"e-con-inner\">\n\t\t<div class=\"elementor-element elementor-element-f642275 e-con-full e-flex e-con e-child\" data-id=\"f642275\" data-element_type=\"container\">\n\t\t\t\t<div class=\"elementor-element elementor-element-f810cb4 elementor-widget elementor-widget-haru-heading\" data-id=\"f810cb4\" data-element_type=\"widget\" data-widget_type=\"haru-heading.default\">\n\t\t\t\t<div class=\"elementor-widget-container\">\n\t\t\t\t\t<h2 class=\"haru-heading-title haru-heading-title--heading-2\">Politique de remboursement<\/h2>\t\t\t\t<\/div>\n\t\t\t\t<\/div>\n\t\t\t\t<\/div>\n\t\t\t\t\t<\/div>\n\t\t\t\t<\/div>\n\t\t<div class=\"elementor-element elementor-element-5f1aaba e-flex e-con-boxed e-con e-parent\" data-id=\"5f1aaba\" data-element_type=\"container\" data-settings=\"{&quot;background_background&quot;:&quot;classic&quot;}\">\n\t\t\t\t\t<div class=\"e-con-inner\">\n\t\t\t\t<div class=\"elementor-element elementor-element-38a1dfd elementor-widget elementor-widget-text-editor\" data-id=\"38a1dfd\" data-element_type=\"widget\" data-widget_type=\"text-editor.default\">\n\t\t\t\t<div class=\"elementor-widget-container\">\n\t\t\t\t\t\t\t\t\t<p>Une fois le retour re\u00e7u et inspect\u00e9, vous recevrez un e-mail de confirmation. Si le produit retourn\u00e9 est conforme \u00e0 notre politique de retour, le <b style=\"font-weight: 600;\">remboursement sera effectu\u00e9 dans un d\u00e9lai de 5 \u00e0 10 jours ouvr\u00e9s<\/b>\u00a0sur le mode de paiement initial.<\/p>\t\t\t\t\t\t\t\t<\/div>\n\t\t\t\t<\/div>\n\t\t\t\t<div class=\"elementor-element elementor-element-b76dfd2 elementor-widget elementor-widget-text-editor\" data-id=\"b76dfd2\" data-element_type=\"widget\" data-widget_type=\"text-editor.default\">\n\t\t\t\t<div class=\"elementor-widget-container\">\n\t\t\t\t\t\t\t\t\t<p>Les frais de livraison ne sont pas remboursables (sauf en cas d\u2019erreur de notre part).<\/p>\t\t\t\t\t\t\t\t<\/div>\n\t\t\t\t<\/div>\n\t\t\t\t<div class=\"elementor-element elementor-element-7aa756a elementor-widget elementor-widget-text-editor\" data-id=\"7aa756a\" data-element_type=\"widget\" data-widget_type=\"text-editor.default\">\n\t\t\t\t<div class=\"elementor-widget-container\">\n\t\t\t\t\t\t\t\t\t<b style=\"font-weight:600\">Aucun remboursement ne sera accord\u00e9 pour les produits retourn\u00e9s hors d\u00e9lai ou endommag\u00e9s.<\/b>\t\t\t\t\t\t\t\t<\/div>\n\t\t\t\t<\/div>\n\t\t\t\t\t<\/div>\n\t\t\t\t<\/div>\n\t\t\t\t<\/div>","protected":false},"excerpt":{"rendered":"<p>Politique de remboursement Une fois le retour re\u00e7u et inspect\u00e9, vous recevrez un e-mail de confirmation. Si le produit retourn\u00e9 est conforme \u00e0 notre politique de retour, le remboursement sera effectu\u00e9 dans un d\u00e9lai de 5 \u00e0 10 jours ouvr\u00e9s\u00a0sur le mode de paiement initial. Les frais de livraison ne sont pas remboursables (sauf en [&hellip;]<\/p>","protected":false},"author":1,"featured_media":0,"parent":0,"menu_order":0,"comment_status":"closed","ping_status":"closed","template":"","meta":{"footnotes":""},"class_list":["post-13207","page","type-page","status-publish","hentry"],"_links":{"self":[{"href":"https:\/\/coandclo.com\/en\/wp-json\/wp\/v2\/pages\/13207","targetHints":{"allow":["GET"]}}],"collection":[{"href":"https:\/\/coandclo.com\/en\/wp-json\/wp\/v2\/pages"}],"about":[{"href":"https:\/\/coandclo.com\/en\/wp-json\/wp\/v2\/types\/page"}],"author":[{"embeddable":true,"href":"https:\/\/coandclo.com\/en\/wp-json\/wp\/v2\/users\/1"}],"replies":[{"embeddable":true,"href":"https:\/\/coandclo.com\/en\/wp-json\/wp\/v2\/comments?post=13207"}],"version-history":[{"count":13,"href":"https:\/\/coandclo.com\/en\/wp-json\/wp\/v2\/pages\/13207\/revisions"}],"predecessor-version":[{"id":13221,"href":"https:\/\/coandclo.com\/en\/wp-json\/wp\/v2\/pages\/13207\/revisions\/13221"}],"wp:attachment":[{"href":"https:\/\/coandclo.com\/en\/wp-json\/wp\/v2\/media?parent=13207"}],"curies":[{"name":"wp","href":"https:\/\/api.w.org\/{rel}","templated":true}]}}