{"id":13186,"date":"2025-10-02T16:52:08","date_gmt":"2025-10-02T14:52:08","guid":{"rendered":"https:\/\/coandclo.com\/?page_id=13186"},"modified":"2025-10-02T17:19:20","modified_gmt":"2025-10-02T15:19:20","slug":"politique-de-livraison-2","status":"publish","type":"page","link":"https:\/\/coandclo.com\/en\/politique-de-livraison-2\/","title":{"rendered":"Politique de retour"},"content":{"rendered":"<div data-elementor-type=\"wp-page\" data-elementor-id=\"13186\" class=\"elementor elementor-13186\">\n\t\t\t\t<div class=\"elementor-element elementor-element-ad549f6 e-flex e-con-boxed e-con e-parent\" data-id=\"ad549f6\" data-element_type=\"container\">\n\t\t\t\t\t<div class=\"e-con-inner\">\n\t\t<div class=\"elementor-element elementor-element-f642275 e-con-full e-flex e-con e-child\" data-id=\"f642275\" data-element_type=\"container\">\n\t\t\t\t<div class=\"elementor-element elementor-element-f810cb4 elementor-widget elementor-widget-haru-heading\" data-id=\"f810cb4\" data-element_type=\"widget\" data-widget_type=\"haru-heading.default\">\n\t\t\t\t<div class=\"elementor-widget-container\">\n\t\t\t\t\t<h2 class=\"haru-heading-title haru-heading-title--heading-2\">Politique de retour<\/h2>\t\t\t\t<\/div>\n\t\t\t\t<\/div>\n\t\t\t\t<\/div>\n\t\t\t\t\t<\/div>\n\t\t\t\t<\/div>\n\t\t<div class=\"elementor-element elementor-element-5f1aaba e-flex e-con-boxed e-con e-parent\" data-id=\"5f1aaba\" data-element_type=\"container\" data-settings=\"{&quot;background_background&quot;:&quot;classic&quot;}\">\n\t\t\t\t\t<div class=\"e-con-inner\">\n\t\t\t\t<div class=\"elementor-element elementor-element-38a1dfd elementor-widget elementor-widget-text-editor\" data-id=\"38a1dfd\" data-element_type=\"widget\" data-widget_type=\"text-editor.default\">\n\t\t\t\t<div class=\"elementor-widget-container\">\n\t\t\t\t\t\t\t\t\t<p>Vous disposez d\u2019un d\u00e9lai de\u00a0<b style=\"font-weight: 600;\">7 jours \u00e0 compter de la r\u00e9ception de votre commande<\/b> pour nous retourner un article si celui-ci ne vous convient pas.<\/p>\t\t\t\t\t\t\t\t<\/div>\n\t\t\t\t<\/div>\n\t\t\t\t<div class=\"elementor-element elementor-element-b76dfd2 elementor-widget elementor-widget-text-editor\" data-id=\"b76dfd2\" data-element_type=\"widget\" data-widget_type=\"text-editor.default\">\n\t\t\t\t<div class=\"elementor-widget-container\">\n\t\t\t\t\t\t\t\t\t<p>Les produits doivent \u00eatre retourn\u00e9s\u00a0<b style=\"font-weight: 600;\">neufs, non port\u00e9s, non lav\u00e9s,<\/b> et dans leur <b style=\"font-weight: 600;\">emballage d\u2019origine<\/b>. Les retours sont \u00e0 la charge du client sauf en cas d\u2019erreur de notre part (article d\u00e9fectueux ou non conforme).<\/p>\t\t\t\t\t\t\t\t<\/div>\n\t\t\t\t<\/div>\n\t\t\t\t<div class=\"elementor-element elementor-element-7aa756a elementor-widget elementor-widget-text-editor\" data-id=\"7aa756a\" data-element_type=\"widget\" data-widget_type=\"text-editor.default\">\n\t\t\t\t<div class=\"elementor-widget-container\">\n\t\t\t\t\t\t\t\t\t<p>Pour effectuer un retour, veuillez nous contacter au pr\u00e9alable \u00e0\u00a0<b><a style=\"font-weight: 600;color:blue\" href=\"mailto:coandclo1@gmail.com\" target=\"_blank\" rel=\"noopener\">coandclo1@gmail.com<\/a>\u00a0<\/b>et\u00a0<b><a style=\"font-weight: 600;color:blue\" href=\"mailto:info@coandclo.com\" target=\"_blank\" rel=\"noopener\">info@coandclo.com<\/a><\/b>\u00a0avec votre num\u00e9ro de commande.<\/p>\t\t\t\t\t\t\t\t<\/div>\n\t\t\t\t<\/div>\n\t\t\t\t\t<\/div>\n\t\t\t\t<\/div>\n\t\t\t\t<\/div>","protected":false},"excerpt":{"rendered":"<p>Politique de retour Vous disposez d\u2019un d\u00e9lai de\u00a07 jours \u00e0 compter de la r\u00e9ception de votre commande pour nous retourner un article si celui-ci ne vous convient pas. Les produits doivent \u00eatre retourn\u00e9s\u00a0neufs, non port\u00e9s, non lav\u00e9s, et dans leur emballage d\u2019origine. Les retours sont \u00e0 la charge du client sauf en cas d\u2019erreur de [&hellip;]<\/p>","protected":false},"author":1,"featured_media":0,"parent":0,"menu_order":0,"comment_status":"closed","ping_status":"closed","template":"","meta":{"footnotes":""},"class_list":["post-13186","page","type-page","status-publish","hentry"],"_links":{"self":[{"href":"https:\/\/coandclo.com\/en\/wp-json\/wp\/v2\/pages\/13186","targetHints":{"allow":["GET"]}}],"collection":[{"href":"https:\/\/coandclo.com\/en\/wp-json\/wp\/v2\/pages"}],"about":[{"href":"https:\/\/coandclo.com\/en\/wp-json\/wp\/v2\/types\/page"}],"author":[{"embeddable":true,"href":"https:\/\/coandclo.com\/en\/wp-json\/wp\/v2\/users\/1"}],"replies":[{"embeddable":true,"href":"https:\/\/coandclo.com\/en\/wp-json\/wp\/v2\/comments?post=13186"}],"version-history":[{"count":19,"href":"https:\/\/coandclo.com\/en\/wp-json\/wp\/v2\/pages\/13186\/revisions"}],"predecessor-version":[{"id":13206,"href":"https:\/\/coandclo.com\/en\/wp-json\/wp\/v2\/pages\/13186\/revisions\/13206"}],"wp:attachment":[{"href":"https:\/\/coandclo.com\/en\/wp-json\/wp\/v2\/media?parent=13186"}],"curies":[{"name":"wp","href":"https:\/\/api.w.org\/{rel}","templated":true}]}}