{"id":13132,"date":"2025-10-02T15:52:51","date_gmt":"2025-10-02T13:52:51","guid":{"rendered":"https:\/\/coandclo.com\/?page_id=13132"},"modified":"2025-10-02T16:51:29","modified_gmt":"2025-10-02T14:51:29","slug":"politique-de-livraison","status":"publish","type":"page","link":"https:\/\/coandclo.com\/en\/politique-de-livraison\/","title":{"rendered":"Politique de livraison"},"content":{"rendered":"<div data-elementor-type=\"wp-page\" data-elementor-id=\"13132\" class=\"elementor elementor-13132\">\n\t\t\t\t<div class=\"elementor-element elementor-element-ad549f6 e-flex e-con-boxed e-con e-parent\" data-id=\"ad549f6\" data-element_type=\"container\">\n\t\t\t\t\t<div class=\"e-con-inner\">\n\t\t<div class=\"elementor-element elementor-element-f642275 e-con-full e-flex e-con e-child\" data-id=\"f642275\" data-element_type=\"container\">\n\t\t\t\t<div class=\"elementor-element elementor-element-f810cb4 elementor-widget elementor-widget-haru-heading\" data-id=\"f810cb4\" data-element_type=\"widget\" data-widget_type=\"haru-heading.default\">\n\t\t\t\t<div class=\"elementor-widget-container\">\n\t\t\t\t\t<h2 class=\"haru-heading-title haru-heading-title--heading-2\">Politique de livraison<\/h2>\t\t\t\t<\/div>\n\t\t\t\t<\/div>\n\t\t\t\t<\/div>\n\t\t\t\t\t<\/div>\n\t\t\t\t<\/div>\n\t\t<div class=\"elementor-element elementor-element-5f1aaba e-flex e-con-boxed e-con e-parent\" data-id=\"5f1aaba\" data-element_type=\"container\" data-settings=\"{&quot;background_background&quot;:&quot;classic&quot;}\">\n\t\t\t\t\t<div class=\"e-con-inner\">\n\t\t\t\t<div class=\"elementor-element elementor-element-38a1dfd elementor-widget elementor-widget-text-editor\" data-id=\"38a1dfd\" data-element_type=\"widget\" data-widget_type=\"text-editor.default\">\n\t\t\t\t<div class=\"elementor-widget-container\">\n\t\t\t\t\t\t\t\t\t<p>Nous nous engageons \u00e0 traiter et exp\u00e9dier vos commandes dans un d\u00e9lai de\u00a0<b style=\"font-weight: 600;\">2 \u00e0 5 jours ouvr\u00e9s<\/b>\u00a0apr\u00e8s confirmation du paiement. Les d\u00e9lais de livraison varient selon votre localisation :<\/p>\t\t\t\t\t\t\t\t<\/div>\n\t\t\t\t<\/div>\n\t\t\t\t<div class=\"elementor-element elementor-element-b76dfd2 elementor-widget elementor-widget-text-editor\" data-id=\"b76dfd2\" data-element_type=\"widget\" data-widget_type=\"text-editor.default\">\n\t\t\t\t<div class=\"elementor-widget-container\">\n\t\t\t\t\t\t\t\t\t<p>\u2022\u00a0<b style=\"font-weight: 600;\">C\u00f4te d\u2019Ivoire :<\/b>\u00a02 \u00e0 4 jours ouvr\u00e9s<\/p><p>\u2022\u00a0<b style=\"font-weight: 600;\">International :\u00a0<\/b>7 \u00e0 15 jours ouvr\u00e9s selon le pays de destination (par DHL EXPRESS)<\/p>\t\t\t\t\t\t\t\t<\/div>\n\t\t\t\t<\/div>\n\t\t\t\t<div class=\"elementor-element elementor-element-7aa756a elementor-widget elementor-widget-text-editor\" data-id=\"7aa756a\" data-element_type=\"widget\" data-widget_type=\"text-editor.default\">\n\t\t\t\t<div class=\"elementor-widget-container\">\n\t\t\t\t\t\t\t\t\t<p>Les frais de livraison sont automatiquement calcul\u00e9s au moment de la commande. En fonction de la zone de destination, des\u00a0<b style=\"font-weight: 600;\">frais de d\u00e9douanement peuvent s\u2019appliquer.<\/b>\u00a0Ces frais sont\u00a0<b style=\"font-weight: 600;\">ind\u00e9pendants de notre volont\u00e9<\/b>\u00a0et sont\u00a0<b style=\"font-weight: 600;\">d\u00e9termin\u00e9s par les autorit\u00e9s douani\u00e8res du pays de livraison.<\/b><\/p>\t\t\t\t\t\t\t\t<\/div>\n\t\t\t\t<\/div>\n\t\t\t\t<div class=\"elementor-element elementor-element-f82606e elementor-widget elementor-widget-text-editor\" data-id=\"f82606e\" data-element_type=\"widget\" data-widget_type=\"text-editor.default\">\n\t\t\t\t<div class=\"elementor-widget-container\">\n\t\t\t\t\t\t\t\t\t<p>Une fois votre commande exp\u00e9di\u00e9e, vous recevrez un e-mail de confirmation accompagn\u00e9 d\u2019un num\u00e9ro de suivi pour suivre votre colis en temps r\u00e9el.<\/p>\t\t\t\t\t\t\t\t<\/div>\n\t\t\t\t<\/div>\n\t\t\t\t<div class=\"elementor-element elementor-element-7c66ba8 elementor-widget elementor-widget-text-editor\" data-id=\"7c66ba8\" data-element_type=\"widget\" data-widget_type=\"text-editor.default\">\n\t\t\t\t<div class=\"elementor-widget-container\">\n\t\t\t\t\t\t\t\t\t<b style=\"font-weight: 600;\">Remarque :\u00a0<\/b><span class=\"il\">Co<\/span>\u00a0&amp;\u00a0<span class=\"il\">Clo<\/span>\u00a0ne peut \u00eatre tenue responsable des retards caus\u00e9s par le transporteur ou les douanes.\t\t\t\t\t\t\t\t<\/div>\n\t\t\t\t<\/div>\n\t\t\t\t\t<\/div>\n\t\t\t\t<\/div>\n\t\t\t\t<\/div>","protected":false},"excerpt":{"rendered":"<p>Politique de livraison Nous nous engageons \u00e0 traiter et exp\u00e9dier vos commandes dans un d\u00e9lai de\u00a02 \u00e0 5 jours ouvr\u00e9s\u00a0apr\u00e8s confirmation du paiement. Les d\u00e9lais de livraison varient selon votre localisation : \u2022\u00a0C\u00f4te d\u2019Ivoire :\u00a02 \u00e0 4 jours ouvr\u00e9s \u2022\u00a0International :\u00a07 \u00e0 15 jours ouvr\u00e9s selon le pays de destination (par DHL EXPRESS) Les frais [&hellip;]<\/p>","protected":false},"author":1,"featured_media":0,"parent":0,"menu_order":0,"comment_status":"closed","ping_status":"closed","template":"","meta":{"footnotes":""},"class_list":["post-13132","page","type-page","status-publish","hentry"],"_links":{"self":[{"href":"https:\/\/coandclo.com\/en\/wp-json\/wp\/v2\/pages\/13132","targetHints":{"allow":["GET"]}}],"collection":[{"href":"https:\/\/coandclo.com\/en\/wp-json\/wp\/v2\/pages"}],"about":[{"href":"https:\/\/coandclo.com\/en\/wp-json\/wp\/v2\/types\/page"}],"author":[{"embeddable":true,"href":"https:\/\/coandclo.com\/en\/wp-json\/wp\/v2\/users\/1"}],"replies":[{"embeddable":true,"href":"https:\/\/coandclo.com\/en\/wp-json\/wp\/v2\/comments?post=13132"}],"version-history":[{"count":49,"href":"https:\/\/coandclo.com\/en\/wp-json\/wp\/v2\/pages\/13132\/revisions"}],"predecessor-version":[{"id":13185,"href":"https:\/\/coandclo.com\/en\/wp-json\/wp\/v2\/pages\/13132\/revisions\/13185"}],"wp:attachment":[{"href":"https:\/\/coandclo.com\/en\/wp-json\/wp\/v2\/media?parent=13132"}],"curies":[{"name":"wp","href":"https:\/\/api.w.org\/{rel}","templated":true}]}}