{"id":13092,"date":"2025-10-02T13:45:36","date_gmt":"2025-10-02T11:45:36","guid":{"rendered":"https:\/\/coandclo.com\/?page_id=13092"},"modified":"2025-10-02T15:29:36","modified_gmt":"2025-10-02T13:29:36","slug":"contactez-nous","status":"publish","type":"page","link":"https:\/\/coandclo.com\/en\/contactez-nous\/","title":{"rendered":"Contactez nous"},"content":{"rendered":"<div data-elementor-type=\"wp-page\" data-elementor-id=\"13092\" class=\"elementor elementor-13092\">\n\t\t\t\t<div class=\"elementor-element elementor-element-df06f02 e-flex e-con-boxed e-con e-parent\" data-id=\"df06f02\" data-element_type=\"container\" data-settings=\"{&quot;background_background&quot;:&quot;classic&quot;}\">\n\t\t\t\t\t<div class=\"e-con-inner\">\n\t\t<div class=\"elementor-element elementor-element-539007d e-con-full e-flex e-con e-child\" data-id=\"539007d\" data-element_type=\"container\" data-settings=\"{&quot;background_background&quot;:&quot;classic&quot;}\">\n\t\t\t\t<div class=\"elementor-element elementor-element-5f87cb9 elementor-widget elementor-widget-haru-heading\" data-id=\"5f87cb9\" data-element_type=\"widget\" data-widget_type=\"haru-heading.default\">\n\t\t\t\t<div class=\"elementor-widget-container\">\n\t\t\t\t\t<h2 class=\"haru-heading-title haru-heading-title--heading-5\">Contactez-nous<\/h2>\t\t\t\t<\/div>\n\t\t\t\t<\/div>\n\t\t\t\t<\/div>\n\t\t<div class=\"elementor-element elementor-element-0f62a50 e-con-full e-flex e-con e-child\" data-id=\"0f62a50\" data-element_type=\"container\" data-settings=\"{&quot;background_background&quot;:&quot;classic&quot;}\">\n\t\t<div class=\"elementor-element elementor-element-90ea48e e-con-full e-flex e-con e-child\" data-id=\"90ea48e\" data-element_type=\"container\" data-settings=\"{&quot;background_background&quot;:&quot;classic&quot;}\">\n\t\t\t\t<div class=\"elementor-element elementor-element-c9b963a elementor-widget elementor-widget-text-editor\" data-id=\"c9b963a\" data-element_type=\"widget\" data-widget_type=\"text-editor.default\">\n\t\t\t\t<div class=\"elementor-widget-container\">\n\t\t\t\t\t\t\t\t\t<p>+225 07 87 31 56 55<\/p>\t\t\t\t\t\t\t\t<\/div>\n\t\t\t\t<\/div>\n\t\t\t\t<div class=\"elementor-element elementor-element-bd15f95 elementor-widget elementor-widget-text-editor\" data-id=\"bd15f95\" data-element_type=\"widget\" data-widget_type=\"text-editor.default\">\n\t\t\t\t<div class=\"elementor-widget-container\">\n\t\t\t\t\t\t\t\t\t<p>coandclo1@gmail.com<\/p>\t\t\t\t\t\t\t\t<\/div>\n\t\t\t\t<\/div>\n\t\t\t\t<div class=\"elementor-element elementor-element-3cc36c7 elementor-widget elementor-widget-text-editor\" data-id=\"3cc36c7\" data-element_type=\"widget\" data-widget_type=\"text-editor.default\">\n\t\t\t\t<div class=\"elementor-widget-container\">\n\t\t\t\t\t\t\t\t\t<p>info@coandclo.com<\/p>\t\t\t\t\t\t\t\t<\/div>\n\t\t\t\t<\/div>\n\t\t\t\t<\/div>\n\t\t<div class=\"elementor-element elementor-element-d185dd6 e-con-full e-flex e-con e-child\" data-id=\"d185dd6\" data-element_type=\"container\" data-settings=\"{&quot;background_background&quot;:&quot;classic&quot;}\">\n\t\t\t\t<div class=\"elementor-element elementor-element-a06a66d elementor-widget elementor-widget-haru-heading\" data-id=\"a06a66d\" data-element_type=\"widget\" data-widget_type=\"haru-heading.default\">\n\t\t\t\t<div class=\"elementor-widget-container\">\n\t\t\t\t\t<h4 class=\"haru-heading-title haru-heading-title--heading-3\">Formulaire de contact<\/h4>\t\t\t\t<\/div>\n\t\t\t\t<\/div>\n\t\t\t\t<div class=\"elementor-element elementor-element-404dcc8 elementor-widget elementor-widget-shortcode\" data-id=\"404dcc8\" data-element_type=\"widget\" data-widget_type=\"shortcode.default\">\n\t\t\t\t<div class=\"elementor-widget-container\">\n\t\t\t\t\t\t\t<div class=\"elementor-shortcode\">\n<div class=\"wpcf7 no-js\" id=\"wpcf7-f1369-o1\" lang=\"en-US\" dir=\"ltr\" data-wpcf7-id=\"1369\">\n<div class=\"screen-reader-response\"><p role=\"status\" aria-live=\"polite\" aria-atomic=\"true\"><\/p> <ul><\/ul><\/div>\n<form action=\"\/en\/wp-json\/wp\/v2\/pages\/13092#wpcf7-f1369-o1\" method=\"post\" class=\"wpcf7-form init\" aria-label=\"Contact form\" novalidate=\"novalidate\" data-status=\"init\" data-trp-original-action=\"\/en\/wp-json\/wp\/v2\/pages\/13092#wpcf7-f1369-o1\">\n<div style=\"display: none;\">\n<input type=\"hidden\" name=\"_wpcf7\" value=\"1369\" \/>\n<input type=\"hidden\" name=\"_wpcf7_version\" value=\"6.0.6\" \/>\n<input type=\"hidden\" name=\"_wpcf7_locale\" value=\"en_US\" \/>\n<input type=\"hidden\" name=\"_wpcf7_unit_tag\" value=\"wpcf7-f1369-o1\" \/>\n<input type=\"hidden\" name=\"_wpcf7_container_post\" value=\"0\" \/>\n<input type=\"hidden\" name=\"_wpcf7_posted_data_hash\" value=\"\" \/>\n<\/div>\n<div class=\"contact-form\">\n\n<div class=\"contact-form__row contact-form__row--cols-2\">\n    <div class=\"contact-form__col\">\n        <div class=\"contact-form__input\"><span class=\"wpcf7-form-control-wrap\" data-name=\"first-name\"><input size=\"40\" maxlength=\"400\" class=\"wpcf7-form-control wpcf7-text wpcf7-validates-as-required\" aria-required=\"true\" aria-invalid=\"false\" placeholder=\"Nom &amp; Pr\u00e9noms\" value=\"\" type=\"text\" name=\"first-name\" \/><\/span><\/div>\n    <\/div>\n    <div class=\"contact-form__col\">\n        <div class=\"contact-form__input\"><span class=\"wpcf7-form-control-wrap\" data-name=\"email\"><input size=\"40\" maxlength=\"400\" class=\"wpcf7-form-control wpcf7-email wpcf7-text wpcf7-validates-as-email\" aria-invalid=\"false\" placeholder=\"Adresse email\" value=\"\" type=\"email\" name=\"email\" \/><\/span><\/div>\n    <\/div>\n<\/div>\n\n<div class=\"contact-form__row\">\n    <div class=\"contact-form__input\"><span class=\"wpcf7-form-control-wrap\" data-name=\"tel\"><input size=\"40\" maxlength=\"400\" class=\"wpcf7-form-control wpcf7-tel wpcf7-validates-as-required wpcf7-text wpcf7-validates-as-tel\" aria-required=\"true\" aria-invalid=\"false\" placeholder=\"Num\u00e9ro de t\u00e9l\u00e9phone (avec indicatif)\" value=\"\" type=\"tel\" name=\"tel\" \/><\/span><\/div>\n<\/div>\n\n<div class=\"contact-form__row\">\n    <div class=\"contact-form__input contact-form__message\"><span class=\"wpcf7-form-control-wrap\" data-name=\"message\"><textarea cols=\"40\" rows=\"10\" maxlength=\"2000\" class=\"wpcf7-form-control wpcf7-textarea wpcf7-validates-as-required\" aria-required=\"true\" aria-invalid=\"false\" placeholder=\"Message\" name=\"message\"><\/textarea><\/span><\/div>\n<\/div>\n\n<div class=\"contact-form__row contact-form__row--submit\">\n    <div class=\"contact-form__submit contact-form__submit--center\">\n    <input class=\"wpcf7-form-control wpcf7-submit has-spinner\" type=\"submit\" value=\"Envoyer message\" \/>\n    <\/div>\n<\/div>\n\n<\/div><div class=\"wpcf7-response-output\" aria-hidden=\"true\"><\/div>\n<input type=\"hidden\" name=\"trp-form-language\" value=\"en\"\/><\/form>\n<\/div>\n<\/div>\n\t\t\t\t\t\t<\/div>\n\t\t\t\t<\/div>\n\t\t\t\t<\/div>\n\t\t\t\t<\/div>\n\t\t\t\t\t<\/div>\n\t\t\t\t<\/div>\n\t\t\t\t<\/div>","protected":false},"excerpt":{"rendered":"<p>Contactez-nous +225 07 87 31 56 55 coandclo1@gmail.com info@coandclo.com Formulaire de contact<\/p>","protected":false},"author":1,"featured_media":0,"parent":0,"menu_order":0,"comment_status":"closed","ping_status":"closed","template":"","meta":{"footnotes":""},"class_list":["post-13092","page","type-page","status-publish","hentry"],"_links":{"self":[{"href":"https:\/\/coandclo.com\/en\/wp-json\/wp\/v2\/pages\/13092","targetHints":{"allow":["GET"]}}],"collection":[{"href":"https:\/\/coandclo.com\/en\/wp-json\/wp\/v2\/pages"}],"about":[{"href":"https:\/\/coandclo.com\/en\/wp-json\/wp\/v2\/types\/page"}],"author":[{"embeddable":true,"href":"https:\/\/coandclo.com\/en\/wp-json\/wp\/v2\/users\/1"}],"replies":[{"embeddable":true,"href":"https:\/\/coandclo.com\/en\/wp-json\/wp\/v2\/comments?post=13092"}],"version-history":[{"count":34,"href":"https:\/\/coandclo.com\/en\/wp-json\/wp\/v2\/pages\/13092\/revisions"}],"predecessor-version":[{"id":13131,"href":"https:\/\/coandclo.com\/en\/wp-json\/wp\/v2\/pages\/13092\/revisions\/13131"}],"wp:attachment":[{"href":"https:\/\/coandclo.com\/en\/wp-json\/wp\/v2\/media?parent=13092"}],"curies":[{"name":"wp","href":"https:\/\/api.w.org\/{rel}","templated":true}]}}