{"id":12849,"date":"2025-05-26T18:53:36","date_gmt":"2025-05-26T16:53:36","guid":{"rendered":"https:\/\/coandclo.com\/?page_id=12849"},"modified":"2025-05-27T14:33:52","modified_gmt":"2025-05-27T12:33:52","slug":"accueil","status":"publish","type":"page","link":"https:\/\/coandclo.com\/en\/","title":{"rendered":"Accueil"},"content":{"rendered":"<div data-elementor-type=\"wp-page\" data-elementor-id=\"12849\" class=\"elementor elementor-12849\">\n\t\t\t\t<div class=\"elementor-element elementor-element-e5ea6ea e-con-full e-flex e-con e-parent\" data-id=\"e5ea6ea\" data-element_type=\"container\">\n\t\t\t\t<div class=\"elementor-element elementor-element-2a3a5ae elementor-widget__width-inherit elementor-widget elementor-widget-image\" data-id=\"2a3a5ae\" data-element_type=\"widget\" data-widget_type=\"image.default\">\n\t\t\t\t<div class=\"elementor-widget-container\">\n\t\t\t\t\t\t\t\t\t\t\t\t<figure class=\"wp-caption\">\n\t\t\t\t\t\t\t\t\t\t<img decoding=\"async\" src=\"https:\/\/coandclo.com\/wp-content\/uploads\/elementor\/thumbs\/bg_home_slide-r6fluta41ux8gn6tprrqex0oorjeqeb41301ovs8ro.webp\" title=\"bg_home_slide\" alt=\"bg_home_slide\" loading=\"lazy\" \/>\t\t\t\t\t\t\t\t\t\t\t<figcaption class=\"widget-image-caption wp-caption-text\"><\/figcaption>\n\t\t\t\t\t\t\t\t\t\t<\/figure>\n\t\t\t\t\t\t\t\t\t<\/div>\n\t\t\t\t<\/div>\n\t\t\t\t<\/div>\n\t\t<div class=\"elementor-element elementor-element-b19e856 e-flex e-con-boxed e-con e-parent\" data-id=\"b19e856\" data-element_type=\"container\">\n\t\t\t\t\t<div class=\"e-con-inner\">\n\t\t<div class=\"elementor-element elementor-element-8e71a19 e-con-full e-flex e-con e-child\" data-id=\"8e71a19\" data-element_type=\"container\">\n\t\t\t\t<div class=\"elementor-element elementor-element-3becc44 elementor-widget elementor-widget-heading\" data-id=\"3becc44\" data-element_type=\"widget\" data-widget_type=\"heading.default\">\n\t\t\t\t<div class=\"elementor-widget-container\">\n\t\t\t\t\t<h2 class=\"elementor-heading-title elementor-size-default\">BEST SELLERS<\/h2>\t\t\t\t<\/div>\n\t\t\t\t<\/div>\n\t\t\t\t<\/div>\n\t\t\t\t\t<\/div>\n\t\t\t\t<\/div>\n\t\t<div class=\"elementor-element elementor-element-8bde6a8 e-flex e-con-boxed e-con e-parent\" data-id=\"8bde6a8\" data-element_type=\"container\">\n\t\t\t\t\t<div class=\"e-con-inner\">\n\t\t<div class=\"elementor-element elementor-element-99fcef2 e-con-full e-flex e-con e-child\" data-id=\"99fcef2\" data-element_type=\"container\">\n\t\t\t\t<div class=\"elementor-element elementor-element-b5c7491 elementor-widget elementor-widget-image\" data-id=\"b5c7491\" data-element_type=\"widget\" data-widget_type=\"image.default\">\n\t\t\t\t<div class=\"elementor-widget-container\">\n\t\t\t\t\t\t\t\t\t\t\t\t\t\t\t<img fetchpriority=\"high\" decoding=\"async\" width=\"1054\" height=\"1054\" src=\"https:\/\/coandclo.com\/wp-content\/uploads\/2025\/05\/sandales-tressees-2.webp\" class=\"attachment-full size-full wp-image-12988\" alt=\"\" srcset=\"https:\/\/coandclo.com\/wp-content\/uploads\/2025\/05\/sandales-tressees-2.webp 1054w, https:\/\/coandclo.com\/wp-content\/uploads\/2025\/05\/sandales-tressees-2-300x300.webp 300w, https:\/\/coandclo.com\/wp-content\/uploads\/2025\/05\/sandales-tressees-2-1024x1024.webp 1024w, https:\/\/coandclo.com\/wp-content\/uploads\/2025\/05\/sandales-tressees-2-150x150.webp 150w, https:\/\/coandclo.com\/wp-content\/uploads\/2025\/05\/sandales-tressees-2-768x768.webp 768w, https:\/\/coandclo.com\/wp-content\/uploads\/2025\/05\/sandales-tressees-2-600x600.webp 600w\" sizes=\"(max-width: 1054px) 100vw, 1054px\" \/>\t\t\t\t\t\t\t\t\t\t\t\t\t\t\t<\/div>\n\t\t\t\t<\/div>\n\t\t\t\t<div class=\"elementor-element elementor-element-0eda32d elementor-widget elementor-widget-heading\" data-id=\"0eda32d\" data-element_type=\"widget\" data-widget_type=\"heading.default\">\n\t\t\t\t<div class=\"elementor-widget-container\">\n\t\t\t\t\t<h2 class=\"elementor-heading-title elementor-size-default\">SANDALES TRESS\u00c9ES<\/h2>\t\t\t\t<\/div>\n\t\t\t\t<\/div>\n\t\t\t\t<div class=\"elementor-element elementor-element-195f555 elementor-widget elementor-widget-heading\" data-id=\"195f555\" data-element_type=\"widget\" data-widget_type=\"heading.default\">\n\t\t\t\t<div class=\"elementor-widget-container\">\n\t\t\t\t\t<h2 class=\"elementor-heading-title elementor-size-default\">20 000 FCFA<\/h2>\t\t\t\t<\/div>\n\t\t\t\t<\/div>\n\t\t\t\t<\/div>\n\t\t<div class=\"elementor-element elementor-element-008cbdd e-con-full e-flex e-con e-child\" data-id=\"008cbdd\" data-element_type=\"container\">\n\t\t\t\t<div class=\"elementor-element elementor-element-7ffc931 elementor-widget elementor-widget-image\" data-id=\"7ffc931\" data-element_type=\"widget\" data-widget_type=\"image.default\">\n\t\t\t\t<div class=\"elementor-widget-container\">\n\t\t\t\t\t\t\t\t\t\t\t\t\t\t\t<img decoding=\"async\" width=\"2085\" height=\"2085\" src=\"https:\/\/coandclo.com\/wp-content\/uploads\/2025\/05\/sandales-classiques-2.webp\" class=\"attachment-full size-full wp-image-12987\" alt=\"\" srcset=\"https:\/\/coandclo.com\/wp-content\/uploads\/2025\/05\/sandales-classiques-2.webp 2085w, https:\/\/coandclo.com\/wp-content\/uploads\/2025\/05\/sandales-classiques-2-300x300.webp 300w, https:\/\/coandclo.com\/wp-content\/uploads\/2025\/05\/sandales-classiques-2-1024x1024.webp 1024w, https:\/\/coandclo.com\/wp-content\/uploads\/2025\/05\/sandales-classiques-2-150x150.webp 150w, https:\/\/coandclo.com\/wp-content\/uploads\/2025\/05\/sandales-classiques-2-768x768.webp 768w, https:\/\/coandclo.com\/wp-content\/uploads\/2025\/05\/sandales-classiques-2-1536x1536.webp 1536w, https:\/\/coandclo.com\/wp-content\/uploads\/2025\/05\/sandales-classiques-2-2048x2048.webp 2048w, https:\/\/coandclo.com\/wp-content\/uploads\/2025\/05\/sandales-classiques-2-600x600.webp 600w\" sizes=\"(max-width: 2085px) 100vw, 2085px\" \/>\t\t\t\t\t\t\t\t\t\t\t\t\t\t\t<\/div>\n\t\t\t\t<\/div>\n\t\t\t\t<div class=\"elementor-element elementor-element-db21a40 elementor-widget elementor-widget-heading\" data-id=\"db21a40\" data-element_type=\"widget\" data-widget_type=\"heading.default\">\n\t\t\t\t<div class=\"elementor-widget-container\">\n\t\t\t\t\t<h2 class=\"elementor-heading-title elementor-size-default\">SANDALES CLASSIQUES<\/h2>\t\t\t\t<\/div>\n\t\t\t\t<\/div>\n\t\t\t\t<div class=\"elementor-element elementor-element-6116f67 elementor-widget elementor-widget-heading\" data-id=\"6116f67\" data-element_type=\"widget\" data-widget_type=\"heading.default\">\n\t\t\t\t<div class=\"elementor-widget-container\">\n\t\t\t\t\t<h2 class=\"elementor-heading-title elementor-size-default\">15 000 FCFA<\/h2>\t\t\t\t<\/div>\n\t\t\t\t<\/div>\n\t\t\t\t<\/div>\n\t\t<div class=\"elementor-element elementor-element-2edf855 e-con-full e-flex e-con e-child\" data-id=\"2edf855\" data-element_type=\"container\">\n\t\t\t\t<div class=\"elementor-element elementor-element-633fcb6 elementor-widget elementor-widget-image\" data-id=\"633fcb6\" data-element_type=\"widget\" data-widget_type=\"image.default\">\n\t\t\t\t<div class=\"elementor-widget-container\">\n\t\t\t\t\t\t\t\t\t\t\t\t\t\t\t<img decoding=\"async\" width=\"960\" height=\"960\" src=\"https:\/\/coandclo.com\/wp-content\/uploads\/2025\/05\/sandales-en-soies-2.webp\" class=\"attachment-large size-large wp-image-12989\" alt=\"\" srcset=\"https:\/\/coandclo.com\/wp-content\/uploads\/2025\/05\/sandales-en-soies-2.webp 960w, https:\/\/coandclo.com\/wp-content\/uploads\/2025\/05\/sandales-en-soies-2-300x300.webp 300w, https:\/\/coandclo.com\/wp-content\/uploads\/2025\/05\/sandales-en-soies-2-150x150.webp 150w, https:\/\/coandclo.com\/wp-content\/uploads\/2025\/05\/sandales-en-soies-2-768x768.webp 768w, https:\/\/coandclo.com\/wp-content\/uploads\/2025\/05\/sandales-en-soies-2-600x600.webp 600w\" sizes=\"(max-width: 960px) 100vw, 960px\" \/>\t\t\t\t\t\t\t\t\t\t\t\t\t\t\t<\/div>\n\t\t\t\t<\/div>\n\t\t\t\t<div class=\"elementor-element elementor-element-e9d00b9 elementor-widget elementor-widget-heading\" data-id=\"e9d00b9\" data-element_type=\"widget\" data-widget_type=\"heading.default\">\n\t\t\t\t<div class=\"elementor-widget-container\">\n\t\t\t\t\t<h2 class=\"elementor-heading-title elementor-size-default\">SANDALES EN SOIES<\/h2>\t\t\t\t<\/div>\n\t\t\t\t<\/div>\n\t\t\t\t<div class=\"elementor-element elementor-element-00fb519 elementor-widget elementor-widget-heading\" data-id=\"00fb519\" data-element_type=\"widget\" data-widget_type=\"heading.default\">\n\t\t\t\t<div class=\"elementor-widget-container\">\n\t\t\t\t\t<h2 class=\"elementor-heading-title elementor-size-default\">15 000 FCFA<\/h2>\t\t\t\t<\/div>\n\t\t\t\t<\/div>\n\t\t\t\t<\/div>\n\t\t\t\t\t<\/div>\n\t\t\t\t<\/div>\n\t\t<div class=\"elementor-element elementor-element-2622d48 e-flex e-con-boxed e-con e-parent\" data-id=\"2622d48\" data-element_type=\"container\" data-settings=\"{&quot;background_background&quot;:&quot;classic&quot;}\">\n\t\t\t\t\t<div class=\"e-con-inner\">\n\t\t\t\t<div class=\"elementor-element elementor-element-2a1f74a elementor-widget__width-inherit elementor-absolute elementor-widget elementor-widget-haru-background-creative\" data-id=\"2a1f74a\" data-element_type=\"widget\" data-settings=\"{&quot;_position&quot;:&quot;absolute&quot;}\" data-widget_type=\"haru-background-creative.default\">\n\t\t\t\t<div class=\"elementor-widget-container\">\n\t\t\t\t\t\n        \t\t        \t<div id=\"haru-background-creative-2a1f74a\" class=\"haru-background-creative haru-background-creative--style-1\">\n\t        \t\t\t\t\t<div class=\"haru-background-creative__list haru-slick\" data-slick='{\"slidesToShow\" : 1, \"slidesToScroll\" : 1, \"arrows\" : false, \"infinite\" : true, \"centerMode\" : false, \"focusOnSelect\" : true, \"fade\": true, \"vertical\" : false, \"pauseOnHover\": false, \"pauseOnFocus\": false, \"autoplay\": true, \"autoplaySpeed\": 4000 }'>\n\t\t\t\t\t<div class=\"haru-background-creative__item\" style=\"background-color: #F7F6F1\">\n\t      \t<\/div>\n\t\t\t\t\t<div class=\"haru-background-creative__item\" style=\"background-color: #EFE9E7\">\n\t      \t<\/div>\n\t\t\t\t\t<div class=\"haru-background-creative__item\" style=\"background-color: #F7F6F1\">\n\t      \t<\/div>\n\t\t\t\t<\/div>\n\n\t\t    \t\t<\/div>\n    \t\t\n    \t\t\t\t\t\t<\/div>\n\t\t\t\t<\/div>\n\t\t<div class=\"elementor-element elementor-element-f3e9cc9 e-con-full e-flex e-con e-child\" data-id=\"f3e9cc9\" data-element_type=\"container\">\n\t\t\t\t<div class=\"elementor-element elementor-element-33bf8b5 elementor-widget elementor-widget-heading\" data-id=\"33bf8b5\" data-element_type=\"widget\" data-widget_type=\"heading.default\">\n\t\t\t\t<div class=\"elementor-widget-container\">\n\t\t\t\t\t<h2 class=\"elementor-heading-title elementor-size-default\">NOTRE COMMUNAUT\u00c9<\/h2>\t\t\t\t<\/div>\n\t\t\t\t<\/div>\n\t\t\t\t<div class=\"elementor-element elementor-element-3cfb8d4 elementor-widget elementor-widget-heading\" data-id=\"3cfb8d4\" data-element_type=\"widget\" data-widget_type=\"heading.default\">\n\t\t\t\t<div class=\"elementor-widget-container\">\n\t\t\t\t\t<h2 class=\"elementor-heading-title elementor-size-default\">Une Tribu de Femmes Audacieuses et \u00c9l\u00e9gantes<\/h2>\t\t\t\t<\/div>\n\t\t\t\t<\/div>\n\t\t\t\t<div class=\"elementor-element elementor-element-37546a0 elementor-widget elementor-widget-haru-text-animation\" data-id=\"37546a0\" data-element_type=\"widget\" data-widget_type=\"haru-text-animation.default\">\n\t\t\t\t<div class=\"elementor-widget-container\">\n\t\t\t\t\t\n        \t\t        \t<div id=\"haru-text-animation-37546a0\" class=\"haru-text-animation haru-text-animation--style-1 animText\">\n\t        \t\t<h2 class=\"haru-text-animation__heading\">\n\t\t  \t<span class=\"haru-text-animation__typewrite\" data-period=\"2000\" data-type='[ &quot;#COCLOLADIES&quot;, &quot;#COCLOLADIES&quot;]' data-color=\"\">\n\t    <span class=\"haru-text-animation__typewrap\">#COCLOLADIES<\/span>\n\t    \t      \t<\/span>\n  \t  \t<\/h2>\n\n\t    \t\t<\/div>\n    \t\t\n    \t\t\t\t\t\t<\/div>\n\t\t\t\t<\/div>\n\t\t\t\t<div class=\"elementor-element elementor-element-7cd8af4 elementor-widget elementor-widget-text-editor\" data-id=\"7cd8af4\" data-element_type=\"widget\" data-widget_type=\"text-editor.default\">\n\t\t\t\t<div class=\"elementor-widget-container\">\n\t\t\t\t\t\t\t\t\t<p>Chez <strong style=\"font-weight: 800;\">Co &amp; Clo<\/strong>, notre communaut\u00e9 est bien plus qu\u2019un simple groupe de clientes :<br \/>C\u2019est une sororit\u00e9 de femmes puissantes, passionn\u00e9es par la mode et fi\u00e8res de leur identit\u00e9.<br \/>Elles sont<strong style=\"font-weight: 800;\"> \u00e9l\u00e9gantes, ambitieuses et audacieuses<\/strong>, toujours \u00e0 la recherche de pi\u00e8ces qui refl\u00e8tent leur personnalit\u00e9 et leur singularit\u00e9.<\/p>\t\t\t\t\t\t\t\t<\/div>\n\t\t\t\t<\/div>\n\t\t\t\t<div class=\"elementor-element elementor-element-a879e1e elementor-widget elementor-widget-text-editor\" data-id=\"a879e1e\" data-element_type=\"widget\" data-widget_type=\"text-editor.default\">\n\t\t\t\t<div class=\"elementor-widget-container\">\n\t\t\t\t\t\t\t\t\t<p>Nos muses sont des <strong style=\"font-weight: 800;\">leaders, des cr\u00e9atives, des entrepreneures<\/strong>, des femmes qui osent s\u2019affirmer \u00e0 travers leur style.<br \/>Pour elles, la mode n\u2019est pas juste une question de tendances, mais un <strong style=\"font-weight: 800;\">moyen d\u2019expression<\/strong>, un hommage \u00e0 leurs racines et \u00e0 leur force int\u00e9rieure.<\/p>\t\t\t\t\t\t\t\t<\/div>\n\t\t\t\t<\/div>\n\t\t\t\t<div class=\"elementor-element elementor-element-8c8f55e elementor-widget elementor-widget-text-editor\" data-id=\"8c8f55e\" data-element_type=\"widget\" data-widget_type=\"text-editor.default\">\n\t\t\t\t<div class=\"elementor-widget-container\">\n\t\t\t\t\t\t\t\t\t<p>En rejoignant notre univers, elles c\u00e9l\u00e8brent l\u2019alliance parfaite entre <strong style=\"font-weight: 800;\">tradition et modernit\u00e9<\/strong>, entre <strong style=\"font-weight: 800;\">h\u00e9ritage culturel et sophistication contemporaine<\/strong>.<\/p><p>Avec <strong style=\"font-weight: 800;\">Co &amp; Clo<\/strong>, elles portent bien plus qu\u2019un accessoire ou une paire de chaussures : elles incarnent une vision, une \u00e9l\u00e9gance affirm\u00e9e, une identit\u00e9 assum\u00e9e.<\/p><p><strong style=\"font-weight: 800;\">Bienvenue dans notre tribu !<\/strong><br \/>Une communaut\u00e9 o\u00f9 chaque femme brille \u00e0 sa mani\u00e8re, avec<br \/>audace et style.<\/p>\t\t\t\t\t\t\t\t<\/div>\n\t\t\t\t<\/div>\n\t\t<div class=\"elementor-element elementor-element-be870b3 e-con-full e-flex e-con e-child\" data-id=\"be870b3\" data-element_type=\"container\">\n\t\t\t\t<div class=\"elementor-element elementor-element-1a6f908 elementor-widget elementor-widget-haru-button\" data-id=\"1a6f908\" data-element_type=\"widget\" data-widget_type=\"haru-button.default\">\n\t\t\t\t<div class=\"elementor-widget-container\">\n\t\t\t\t\t\n        \t<div class=\"haru-button-wrap\">\n        \t\t<a class=\"haru-button--has-icon haru-button elementor-button1 haru-button--style-1 haru-button--bg-primary haru-button--size-large haru-button--round-normal elementor-button-link1 haru-button-link\" role=\"button\" href=\"#\">\n        \t\t\t\t\t\t<span class=\"elementor-button-content-wrapper1 haru-button-content-wrapper\">\n\t\t\t\t\t\t\t\t<span class=\"haru-button-icon haru-align-icon-right\">\n\t\t\t\t\t<i aria-hidden=\"true\" class=\"phosphor phosphor-caret-right\"><\/i>\t\t\t\t<\/span>\n\t\t\t\t\t\t\t\t<span class=\"elementor-button-text1 haru-button-text\">REJOIGNEZ-NOUS<\/span>\n\t\t\t<\/span>\n\t\t\t    \t\t\t<\/a>\n    \t\t<\/div>\n\n    \t\t\t\t\t\t<\/div>\n\t\t\t\t<\/div>\n\t\t\t\t<\/div>\n\t\t\t\t<\/div>\n\t\t<div class=\"elementor-element elementor-element-4fcd673 e-con-full e-flex e-con e-child\" data-id=\"4fcd673\" data-element_type=\"container\">\n\t\t\t\t<div class=\"elementor-element elementor-element-76e5b05 elementor-widget elementor-widget-haru-content-slideshow\" data-id=\"76e5b05\" data-element_type=\"widget\" data-widget_type=\"haru-content-slideshow.default\">\n\t\t\t\t<div class=\"elementor-widget-container\">\n\t\t\t\t\t\n        \t\t        \t<div class=\"haru-content-slideshow haru-content-slideshow--slick\">\n\t        \t\t\n\t\t<ul class=\"haru-content-slideshow__list haru-slick haru-slick--nav-opacity haru-slick--nav-center haru-slick--dots-round\" data-slick='{\"slidesToShow\" : 1, \"slidesToScroll\" : 1, \"fade\": true, \"infinite\": true, \"arrows\" : false, \"dots\" : false, \"infinite\" : true, \"pauseOnHover\": false, \"pauseOnFocus\": false, \"centerMode\" : false, \"focusOnSelect\" : true, \"vertical\" : false, \"autoplay\": true, \"autoplaySpeed\": 4000, \"responsive\" : [{\"breakpoint\" : 991,\"settings\" : {\"slidesToShow\" : 1, \"slidesToScroll\" : 1}}, {\"breakpoint\" : 767,\"settings\" : {\"slidesToShow\" : 1, \"slidesToScroll\" : 1}}] }'>\n\t\t\t\t\t<li class=\"haru-content-slideshow__item\">\n\t\t\t\t                    <div class=\"haru-content-slideshow__image\">\n\t      \t\t\t\t<img decoding=\"async\" src=\"https:\/\/coandclo.com\/wp-content\/uploads\/2025\/05\/img-com.webp\" alt=\"Image #1\">\n\t\t      \t\t<\/div>\n                \t\t\t<\/li>\n\t\t\t\t\t<li class=\"haru-content-slideshow__item\">\n\t\t\t\t                    <div class=\"haru-content-slideshow__image\">\n\t      \t\t\t\t<img decoding=\"async\" src=\"https:\/\/coandclo.com\/wp-content\/uploads\/2025\/05\/img-com.webp\" alt=\"Image #1\">\n\t\t      \t\t<\/div>\n                \t\t\t<\/li>\n\t\t\t\t\t<li class=\"haru-content-slideshow__item\">\n\t\t\t\t                    <div class=\"haru-content-slideshow__image\">\n\t      \t\t\t\t<img decoding=\"async\" src=\"https:\/\/coandclo.com\/wp-content\/uploads\/2025\/05\/img-com.webp\" alt=\"Image #1\">\n\t\t      \t\t<\/div>\n                \t\t\t<\/li>\n\t\t\t<\/ul>\n\t\n\t\t    \t\t<\/div>\n    \t\t\n    \t\t\t\t\t\t<\/div>\n\t\t\t\t<\/div>\n\t\t\t\t<\/div>\n\t\t\t\t\t<\/div>\n\t\t\t\t<\/div>\n\t\t\t\t<\/div>","protected":false},"excerpt":{"rendered":"<p>BEST SELLERS SANDALES TRESS\u00c9ES 20 000 FCFA SANDALES CLASSIQUES 15 000 FCFA SANDALES EN SOIES 15 000 FCFA NOTRE COMMUNAUT\u00c9 Une Tribu de Femmes Audacieuses et \u00c9l\u00e9gantes #COCLOLADIES Chez Co &amp; Clo, notre communaut\u00e9 est bien plus qu\u2019un simple groupe de clientes :C\u2019est une sororit\u00e9 de femmes puissantes, passionn\u00e9es par la mode et fi\u00e8res de [&hellip;]<\/p>","protected":false},"author":1,"featured_media":0,"parent":0,"menu_order":0,"comment_status":"closed","ping_status":"closed","template":"","meta":{"footnotes":""},"class_list":["post-12849","page","type-page","status-publish","hentry"],"_links":{"self":[{"href":"https:\/\/coandclo.com\/en\/wp-json\/wp\/v2\/pages\/12849","targetHints":{"allow":["GET"]}}],"collection":[{"href":"https:\/\/coandclo.com\/en\/wp-json\/wp\/v2\/pages"}],"about":[{"href":"https:\/\/coandclo.com\/en\/wp-json\/wp\/v2\/types\/page"}],"author":[{"embeddable":true,"href":"https:\/\/coandclo.com\/en\/wp-json\/wp\/v2\/users\/1"}],"replies":[{"embeddable":true,"href":"https:\/\/coandclo.com\/en\/wp-json\/wp\/v2\/comments?post=12849"}],"version-history":[{"count":113,"href":"https:\/\/coandclo.com\/en\/wp-json\/wp\/v2\/pages\/12849\/revisions"}],"predecessor-version":[{"id":13137,"href":"https:\/\/coandclo.com\/en\/wp-json\/wp\/v2\/pages\/12849\/revisions\/13137"}],"wp:attachment":[{"href":"https:\/\/coandclo.com\/en\/wp-json\/wp\/v2\/media?parent=12849"}],"curies":[{"name":"wp","href":"https:\/\/api.w.org\/{rel}","templated":true}]}}